{"id":1747,"date":"2020-04-30T16:57:17","date_gmt":"2020-04-30T16:57:17","guid":{"rendered":"http:\/\/lesgarderieskids.com\/testimonials\/"},"modified":"2020-10-15T17:57:32","modified_gmt":"2020-10-15T17:57:32","slug":"temoignages","status":"publish","type":"page","link":"https:\/\/lesgarderieskids.com\/fr\/temoignages\/","title":{"rendered":"T\u00e9moignages"},"content":{"rendered":"<p>[et_pb_section fb_built=\u00a0\u00bb1&Prime; fullwidth=\u00a0\u00bbon\u00a0\u00bb _builder_version=\u00a0\u00bb4.0.6&Prime; background_enable_image=\u00a0\u00bboff\u00a0\u00bb][et_pb_fullwidth_header title=\u00a0\u00bb T\u00c9MOIGNAGES\u00a0\u00bb subhead=\u00a0\u00bbCommentaires de nos familles\u00a0\u00bb text_orientation=\u00a0\u00bbcenter\u00a0\u00bb image_orientation=\u00a0\u00bbbottom\u00a0\u00bb content_max_width=\u00a0\u00bbnone\u00a0\u00bb title_font_color=\u00a0\u00bb#ffffff\u00a0\u00bb _builder_version=\u00a0\u00bb4.5.1&Prime; title_font=\u00a0\u00bbCorben|700||on|||||\u00a0\u00bb title_text_align=\u00a0\u00bbcenter\u00a0\u00bb title_text_color=\u00a0\u00bb#0c71c3&Prime; title_font_size=\u00a0\u00bb80px\u00a0\u00bb subhead_text_color=\u00a0\u00bb#0c71c3&Prime; subhead_font_size=\u00a0\u00bb26px\u00a0\u00bb background_enable_color=\u00a0\u00bboff\u00a0\u00bb title_font_size_tablet=\u00a0\u00bb30px\u00a0\u00bb title_font_size_phone=\u00a0\u00bb\u00a0\u00bb title_font_size_last_edited=\u00a0\u00bbon|desktop\u00a0\u00bb button_one_letter_spacing_hover=\u00a0\u00bb0&Prime; button_two_letter_spacing_hover=\u00a0\u00bb0&Prime; button_one_text_size__hover_enabled=\u00a0\u00bboff\u00a0\u00bb button_two_text_size__hover_enabled=\u00a0\u00bboff\u00a0\u00bb button_one_text_color__hover_enabled=\u00a0\u00bboff\u00a0\u00bb button_two_text_color__hover_enabled=\u00a0\u00bboff\u00a0\u00bb button_one_border_width__hover_enabled=\u00a0\u00bboff\u00a0\u00bb button_two_border_width__hover_enabled=\u00a0\u00bboff\u00a0\u00bb button_one_border_color__hover_enabled=\u00a0\u00bboff\u00a0\u00bb button_two_border_color__hover_enabled=\u00a0\u00bboff\u00a0\u00bb button_one_border_radius__hover_enabled=\u00a0\u00bboff\u00a0\u00bb button_two_border_radius__hover_enabled=\u00a0\u00bboff\u00a0\u00bb button_one_letter_spacing__hover_enabled=\u00a0\u00bbon\u00a0\u00bb button_one_letter_spacing__hover=\u00a0\u00bb0&Prime; button_two_letter_spacing__hover_enabled=\u00a0\u00bbon\u00a0\u00bb button_two_letter_spacing__hover=\u00a0\u00bb0&Prime; button_one_bg_color__hover_enabled=\u00a0\u00bboff\u00a0\u00bb button_two_bg_color__hover_enabled=\u00a0\u00bboff\u00a0\u00bb][\/et_pb_fullwidth_header][\/et_pb_section][et_pb_section fb_built=\u00a0\u00bb1&Prime; _builder_version=\u00a0\u00bb4.0.6&Prime; custom_margin=\u00a0\u00bb0px||||false|false\u00a0\u00bb custom_padding=\u00a0\u00bb0px||||false|false\u00a0\u00bb][et_pb_row column_structure=\u00a0\u00bb1_2,1_2&Prime; custom_padding_last_edited=\u00a0\u00bbon|desktop\u00a0\u00bb _builder_version=\u00a0\u00bb4.4.4&Prime; background_size=\u00a0\u00bbinitial\u00a0\u00bb background_position=\u00a0\u00bbtop_left\u00a0\u00bb background_repeat=\u00a0\u00bbrepeat\u00a0\u00bb width=\u00a0\u00bb90%\u00a0\u00bb custom_padding_tablet=\u00a0\u00bb0px||||false|false\u00a0\u00bb custom_padding_phone=\u00a0\u00bb\u00a0\u00bb][et_pb_column type=\u00a0\u00bb1_2&Prime; _builder_version=\u00a0\u00bb3.25&Prime; custom_padding=\u00a0\u00bb|||\u00a0\u00bb custom_padding__hover=\u00a0\u00bb|||\u00a0\u00bb][et_pb_testimonial author=\u00a0\u00bbMaman de Constance\u00a0\u00bb quote_icon_color=\u00a0\u00bb#0c71c3&Prime; _builder_version=\u00a0\u00bb4.6.5&Prime;]<\/p>\n<p>Ce fut un r\u00e9el plaisir d&rsquo;arriver ici \u00e0 tous les matins et toujours se faire accueillir avec des beaux sourires. J&rsquo;y laissais\u00a0ma fille tout en sachant qu&rsquo;elle \u00e9tait\u00a0en s\u00e9curit\u00e9\u00a0et qu&rsquo;elle s&rsquo;\u00e9panouissait a chaque jour. Elle etait\u00a0toujour heureuse\u00a0et impatiente\u00a0de venir \u00e0 la garderie! Pour toutes ces belles ann\u00e9es, je vous dis un \u00e9norme\u00a0merci de vous \u00eatre\u00a0si bien occup\u00e9\u00a0de ma belle grande fille.<\/p>\n<p>[\/et_pb_testimonial][\/et_pb_column][et_pb_column type=\u00a0\u00bb1_2&Prime; _builder_version=\u00a0\u00bb3.25&Prime; custom_padding=\u00a0\u00bb|||\u00a0\u00bb custom_padding__hover=\u00a0\u00bb|||\u00a0\u00bb][et_pb_testimonial author=\u00a0\u00bbMaman d&rsquo;Ariella et Fallon\u00a0\u00bb quote_icon_color=\u00a0\u00bb#0c71c3&Prime; _builder_version=\u00a0\u00bb4.6.5&Prime;]<\/p>\n<p>Mes deux enfants \u00e9taient \u00e0 la Garderie KIDS depuis qu&rsquo;ils \u00e9taient b\u00e9b\u00e9s et je me suis toujours senti confiant et heureux de les d\u00e9poser \u00e0 la garderie. Ils ont ador\u00e9 les enseignantes, les activit\u00e9s et la nourriture. La Garderie KIDS a un excellent programme et un excellent menu. Les enseignantes et la directrice \u00e9taient toujours disponibles pour questions et commentaires. J&rsquo;adore cette garderie!\u00a0\u00a0<\/p>\n<p>[\/et_pb_testimonial][\/et_pb_column][\/et_pb_row][et_pb_row column_structure=\u00a0\u00bb1_3,1_3,1_3&Prime; custom_padding_last_edited=\u00a0\u00bbon|desktop\u00a0\u00bb _builder_version=\u00a0\u00bb4.4.4&Prime; background_size=\u00a0\u00bbinitial\u00a0\u00bb background_position=\u00a0\u00bbtop_left\u00a0\u00bb background_repeat=\u00a0\u00bbrepeat\u00a0\u00bb width=\u00a0\u00bb90%\u00a0\u00bb custom_padding_tablet=\u00a0\u00bb0px||||false|false\u00a0\u00bb custom_padding_phone=\u00a0\u00bb\u00a0\u00bb][et_pb_column type=\u00a0\u00bb1_3&Prime; _builder_version=\u00a0\u00bb3.25&Prime; custom_padding=\u00a0\u00bb|||\u00a0\u00bb custom_padding__hover=\u00a0\u00bb|||\u00a0\u00bb][et_pb_testimonial author=\u00a0\u00bbPapa d\u2019Adam\u00a0\u00bb quote_icon_color=\u00a0\u00bb#0c71c3&Prime; _builder_version=\u00a0\u00bb4.4.8&Prime;]<\/p>\n<p><span style=\"font-weight: 400;\">Tr\u00e8s bonne garderie, mon fils a pass\u00e9 par l\u00e0, et je suis tr\u00e8s contant du service. Le personnel et la direction sont responsable.<\/span><\/p>\n<p>[\/et_pb_testimonial][et_pb_testimonial author=\u00a0\u00bbMaman de Sofia\u00a0\u00bb quote_icon_color=\u00a0\u00bb#0c71c3&Prime; _builder_version=\u00a0\u00bb4.4.8&Prime;]<\/p>\n<p><span style=\"font-weight: 400;\">Je suis tr\u00e8s contente de laisser mon enfant dans tel environnement.<\/span><\/p>\n<p>[\/et_pb_testimonial][\/et_pb_column][et_pb_column type=\u00a0\u00bb1_3&Prime; _builder_version=\u00a0\u00bb3.25&Prime; custom_padding=\u00a0\u00bb|||\u00a0\u00bb custom_padding__hover=\u00a0\u00bb|||\u00a0\u00bb][et_pb_testimonial author=\u00a0\u00bbMaman de Ruby\u00a0\u00bb quote_icon_color=\u00a0\u00bb#0c71c3&Prime; _builder_version=\u00a0\u00bb4.4.8&Prime;]<\/p>\n<p><span style=\"font-weight: 400;\">C&rsquo;est comme la 2eme maison de mes enfants, les \u00e9ducatrices ont a c\u0153ur leur travail, mes enfants sont toujours propres, rien a dire.<\/span><\/p>\n<p>[\/et_pb_testimonial][et_pb_testimonial author=\u00a0\u00bbMaman d\u2019Adam et Leo\u00a0\u00bb quote_icon_color=\u00a0\u00bb#0c71c3&Prime; _builder_version=\u00a0\u00bb4.4.8&Prime;]<\/p>\n<p><span style=\"font-weight: 400;\">Tr\u00e8s satisfaite de ma garderie et hygi\u00e8ne irr\u00e9prochable!<\/span><\/p>\n<p>[\/et_pb_testimonial][\/et_pb_column][et_pb_column type=\u00a0\u00bb1_3&Prime; _builder_version=\u00a0\u00bb3.25&Prime; custom_padding=\u00a0\u00bb|||\u00a0\u00bb custom_padding__hover=\u00a0\u00bb|||\u00a0\u00bb][et_pb_testimonial author=\u00a0\u00bb The Cayjag\u00a0\u00bb quote_icon_color=\u00a0\u00bb#0c71c3&Prime; _builder_version=\u00a0\u00bb4.4.8&Prime;]<\/p>\n<p><span style=\"font-weight: 400;\">Excellente garderie, les ma\u00eetresses sont attentionn\u00e9es et les enfants sont aim\u00e9s<\/span><\/p>\n<p>[\/et_pb_testimonial][\/et_pb_column][\/et_pb_row][\/et_pb_section][et_pb_section fb_built=\u00a0\u00bb1&Prime; _builder_version=\u00a0\u00bb4.0.6&Prime; background_color=\u00a0\u00bb#ededed\u00a0\u00bb custom_margin=\u00a0\u00bb0px||0px||false|false\u00a0\u00bb custom_padding=\u00a0\u00bb0px||0px||false|false\u00a0\u00bb top_divider_color=\u00a0\u00bb#2ea3f2&Prime; saved_tabs=\u00a0\u00bball\u00a0\u00bb][et_pb_row column_structure=\u00a0\u00bb1_3,1_3,1_3&Prime; _builder_version=\u00a0\u00bb4.0.6&Prime; custom_margin=\u00a0\u00bb0px||||false|false\u00a0\u00bb custom_padding=\u00a0\u00bb||||false|false\u00a0\u00bb][et_pb_column type=\u00a0\u00bb1_3&Prime; _builder_version=\u00a0\u00bb4.0.6&Prime;][et_pb_text _builder_version=\u00a0\u00bb4.0.6&Prime; text_font_size=\u00a0\u00bb12px\u00a0\u00bb link_text_color=\u00a0\u00bb#ddd\u00a0\u00bb link_font_size=\u00a0\u00bb14px\u00a0\u00bb]<\/p>\n<p>Les Garderies K.I.D.S.\u00a0<b class=\"whb\">\u00ae<\/b><\/p>\n<p>[\/et_pb_text][\/et_pb_column][et_pb_column type=\u00a0\u00bb1_3&Prime; _builder_version=\u00a0\u00bb4.0.6&Prime;][\/et_pb_column][et_pb_column type=\u00a0\u00bb1_3&Prime; _builder_version=\u00a0\u00bb4.0.6&Prime;][et_pb_text _builder_version=\u00a0\u00bb4.0.6&Prime; link_text_color=\u00a0\u00bb#666666&Prime; link_font_size=\u00a0\u00bb12px\u00a0\u00bb]<\/p>\n<p><a href=\"https:\/\/sparrowstrategy.com\/\" target=\"_blank\" rel=\"noopener noreferrer\">Website design by SparrowDigital<\/a><\/p>\n<p>[\/et_pb_text][\/et_pb_column][\/et_pb_row][\/et_pb_section]<\/p>\n","protected":false},"excerpt":{"rendered":"<p>Ce fut un r\u00e9el plaisir d&rsquo;arriver ici \u00e0 tous les matins et toujours se faire accueillir avec des beaux sourires. J&rsquo;y laissais\u00a0ma fille tout en sachant qu&rsquo;elle \u00e9tait\u00a0en s\u00e9curit\u00e9\u00a0et qu&rsquo;elle s&rsquo;\u00e9panouissait a chaque jour. Elle etait\u00a0toujour heureuse\u00a0et impatiente\u00a0de venir \u00e0 la garderie! Pour toutes ces belles ann\u00e9es, je vous dis un \u00e9norme\u00a0merci de vous \u00eatre\u00a0si [&hellip;]<\/p>\n","protected":false},"author":2,"featured_media":0,"parent":0,"menu_order":0,"comment_status":"closed","ping_status":"closed","template":"","meta":{"_et_pb_use_builder":"on","_et_pb_old_content":"","_et_gb_content_width":"","footnotes":""},"class_list":["post-1747","page","type-page","status-publish","hentry"],"_links":{"self":[{"href":"https:\/\/lesgarderieskids.com\/fr\/wp-json\/wp\/v2\/pages\/1747","targetHints":{"allow":["GET"]}}],"collection":[{"href":"https:\/\/lesgarderieskids.com\/fr\/wp-json\/wp\/v2\/pages"}],"about":[{"href":"https:\/\/lesgarderieskids.com\/fr\/wp-json\/wp\/v2\/types\/page"}],"author":[{"embeddable":true,"href":"https:\/\/lesgarderieskids.com\/fr\/wp-json\/wp\/v2\/users\/2"}],"replies":[{"embeddable":true,"href":"https:\/\/lesgarderieskids.com\/fr\/wp-json\/wp\/v2\/comments?post=1747"}],"version-history":[{"count":6,"href":"https:\/\/lesgarderieskids.com\/fr\/wp-json\/wp\/v2\/pages\/1747\/revisions"}],"predecessor-version":[{"id":2032,"href":"https:\/\/lesgarderieskids.com\/fr\/wp-json\/wp\/v2\/pages\/1747\/revisions\/2032"}],"wp:attachment":[{"href":"https:\/\/lesgarderieskids.com\/fr\/wp-json\/wp\/v2\/media?parent=1747"}],"curies":[{"name":"wp","href":"https:\/\/api.w.org\/{rel}","templated":true}]}}