{"id":1741,"date":"2017-08-10T19:04:59","date_gmt":"2017-08-10T19:04:59","guid":{"rendered":"http:\/\/lesgarderieskids.com\/our-programs\/monthly-themes\/"},"modified":"2020-10-07T18:37:58","modified_gmt":"2020-10-07T18:37:58","slug":"themes-et-activites-mensuelle","status":"publish","type":"page","link":"https:\/\/lesgarderieskids.com\/fr\/nos-programmes\/themes-et-activites-mensuelle\/","title":{"rendered":"Th\u00e8mes et activit\u00e9s mensuelle"},"content":{"rendered":"<p>[et_pb_section fb_built=\u00a0\u00bb1&Prime; fullwidth=\u00a0\u00bbon\u00a0\u00bb _builder_version=\u00a0\u00bb4.0.6&Prime; custom_margin=\u00a0\u00bb0px||0px||false|false\u00a0\u00bb custom_padding=\u00a0\u00bb0px||0px||false|false\u00a0\u00bb][et_pb_fullwidth_header title=\u00a0\u00bbTh\u00e8mes et activit\u00e9s mensuelle\u00a0\u00bb subhead=\u00a0\u00bbLes Garderies Kids offrent \u00e0 votre enfant des th\u00e8mes mensuels \u00e9ducatifs, amusants et passionnants que les enfants attendent avec impatience.\u00a0\u00bb text_orientation=\u00a0\u00bbcenter\u00a0\u00bb logo_image_url=\u00a0\u00bbhttp:\/\/lesgarderieskids.com\/wp-content\/uploads\/2019\/11\/Our-Programs-K-I-D-S-Child-Care-2-1.jpg\u00a0\u00bb _builder_version=\u00a0\u00bb4.4.4&Prime; title_text_color=\u00a0\u00bb#2ea3f2&Prime; title_font_size=\u00a0\u00bb60px\u00a0\u00bb subhead_font=\u00a0\u00bb|300|||||||\u00a0\u00bb subhead_text_color=\u00a0\u00bb#666666&Prime; subhead_font_size=\u00a0\u00bb25px\u00a0\u00bb subhead_line_height=\u00a0\u00bb1.2em\u00a0\u00bb background_color=\u00a0\u00bbrgba(255, 255, 255, 0)\u00a0\u00bb background_enable_image=\u00a0\u00bboff\u00a0\u00bb max_width_tablet=\u00a0\u00bb50px\u00a0\u00bb title_font_size_tablet=\u00a0\u00bb40px\u00a0\u00bb title_font_size_phone=\u00a0\u00bb30px\u00a0\u00bb title_font_size_last_edited=\u00a0\u00bbon|phone\u00a0\u00bb custom_css_subtitle=\u00a0\u00bbpadding-top: 30px\u00a0\u00bb button_one_text_size__hover_enabled=\u00a0\u00bboff\u00a0\u00bb button_one_text_size__hover=\u00a0\u00bbnull\u00a0\u00bb button_two_text_size__hover_enabled=\u00a0\u00bboff\u00a0\u00bb button_two_text_size__hover=\u00a0\u00bbnull\u00a0\u00bb button_one_text_color__hover_enabled=\u00a0\u00bboff\u00a0\u00bb button_one_text_color__hover=\u00a0\u00bbnull\u00a0\u00bb button_two_text_color__hover_enabled=\u00a0\u00bboff\u00a0\u00bb button_two_text_color__hover=\u00a0\u00bbnull\u00a0\u00bb button_one_border_width__hover_enabled=\u00a0\u00bboff\u00a0\u00bb button_one_border_width__hover=\u00a0\u00bbnull\u00a0\u00bb button_two_border_width__hover_enabled=\u00a0\u00bboff\u00a0\u00bb button_two_border_width__hover=\u00a0\u00bbnull\u00a0\u00bb button_one_border_color__hover_enabled=\u00a0\u00bboff\u00a0\u00bb button_one_border_color__hover=\u00a0\u00bbnull\u00a0\u00bb button_two_border_color__hover_enabled=\u00a0\u00bboff\u00a0\u00bb button_two_border_color__hover=\u00a0\u00bbnull\u00a0\u00bb button_one_border_radius__hover_enabled=\u00a0\u00bboff\u00a0\u00bb button_one_border_radius__hover=\u00a0\u00bbnull\u00a0\u00bb button_two_border_radius__hover_enabled=\u00a0\u00bboff\u00a0\u00bb button_two_border_radius__hover=\u00a0\u00bbnull\u00a0\u00bb button_one_letter_spacing__hover_enabled=\u00a0\u00bbon\u00a0\u00bb button_one_letter_spacing__hover=\u00a0\u00bb0&Prime; button_two_letter_spacing__hover_enabled=\u00a0\u00bbon\u00a0\u00bb button_two_letter_spacing__hover=\u00a0\u00bb0&Prime; button_one_bg_color__hover_enabled=\u00a0\u00bboff\u00a0\u00bb button_one_bg_color__hover=\u00a0\u00bbnull\u00a0\u00bb button_two_bg_color__hover_enabled=\u00a0\u00bboff\u00a0\u00bb button_two_bg_color__hover=\u00a0\u00bbnull\u00a0\u00bb][\/et_pb_fullwidth_header][\/et_pb_section][et_pb_section fb_built=\u00a0\u00bb1&Prime; _builder_version=\u00a0\u00bb4.0.6&Prime; custom_margin=\u00a0\u00bb0px||||false|false\u00a0\u00bb custom_padding=\u00a0\u00bb0px||||false|false\u00a0\u00bb][et_pb_row column_structure=\u00a0\u00bb1_2,1_2&Prime; use_custom_gutter=\u00a0\u00bbon\u00a0\u00bb gutter_width=\u00a0\u00bb2&Prime; make_equal=\u00a0\u00bbon\u00a0\u00bb _builder_version=\u00a0\u00bb4.0.6&Prime; background_size=\u00a0\u00bbinitial\u00a0\u00bb background_position=\u00a0\u00bbtop_left\u00a0\u00bb background_repeat=\u00a0\u00bbrepeat\u00a0\u00bb][et_pb_column type=\u00a0\u00bb1_2&Prime; module_class=\u00a0\u00bbds-vertical-align\u00a0\u00bb _builder_version=\u00a0\u00bb4.0.6&Prime; custom_padding=\u00a0\u00bb|||\u00a0\u00bb custom_padding__hover=\u00a0\u00bb|||\u00a0\u00bb][et_pb_image src=\u00a0\u00bbhttp:\/\/lesgarderieskids.com\/wp-content\/uploads\/2019\/12\/Themes-1a.jpg\u00a0\u00bb alt=\u00a0\u00bbArt appreciation kids daycare montreal\u00a0\u00bb align_tablet=\u00a0\u00bbcenter\u00a0\u00bb align_phone=\u00a0\u00bb\u00a0\u00bb align_last_edited=\u00a0\u00bbon|desktop\u00a0\u00bb admin_label=\u00a0\u00bbImage\u00a0\u00bb _builder_version=\u00a0\u00bb4.0.6&Prime;][\/et_pb_image][\/et_pb_column][et_pb_column type=\u00a0\u00bb1_2&Prime; module_class=\u00a0\u00bbds-vertical-align\u00a0\u00bb _builder_version=\u00a0\u00bb4.0.6&Prime; custom_padding=\u00a0\u00bb|||\u00a0\u00bb custom_padding__hover=\u00a0\u00bb|||\u00a0\u00bb][et_pb_text _builder_version=\u00a0\u00bb4.4.8&Prime;]<\/p>\n<p><span style=\"font-weight: 400;\">Chaque mois, les enfants explorent un th\u00e8me diff\u00e9rent \u00e0 travers diverses activit\u00e9s et exp\u00e9riences en classe. Les locaux sont alors transform\u00e9s en fonction du th\u00e8me abord\u00e9, gr\u00e2ce aux \u0153uvres d&rsquo;art des enfants ainsi que des d\u00e9corations cr\u00e9\u00e9es par l&rsquo;\u00e9ducateur.<\/span><\/p>\n<p><span style=\"font-weight: 400;\">Des plans de le\u00e7on mensuels, directement li\u00e9s au th\u00e8me, sont affich\u00e9s \u00e0 l&rsquo;ext\u00e9rieur de la salle de classe. Les affiches des moments d&rsquo;apprentissage \u00abau-del\u00e0 du th\u00e8me\u00bb\u00a0 et \/ ou du milieu du mois\u00a0 \u00abPlus \u00e0 explorer\u00bb apparaissent \u00e9galement sur le tableau de la classe. Ils d\u00e9crivent ce que les enfants ont appr\u00e9ci\u00e9 et ce sur quoi ils comptent travailler.<\/span><\/p>\n<p>[\/et_pb_text][\/et_pb_column][\/et_pb_row][et_pb_row column_structure=\u00a0\u00bb1_2,1_2&Prime; use_custom_gutter=\u00a0\u00bbon\u00a0\u00bb gutter_width=\u00a0\u00bb2&Prime; make_equal=\u00a0\u00bbon\u00a0\u00bb disabled_on=\u00a0\u00bbon|on|off\u00a0\u00bb _builder_version=\u00a0\u00bb4.0.6&Prime; background_size=\u00a0\u00bbinitial\u00a0\u00bb background_position=\u00a0\u00bbtop_left\u00a0\u00bb background_repeat=\u00a0\u00bbrepeat\u00a0\u00bb][et_pb_column type=\u00a0\u00bb1_2&Prime; module_class=\u00a0\u00bbds-vertical-align\u00a0\u00bb _builder_version=\u00a0\u00bb4.0.6&Prime; custom_padding=\u00a0\u00bb|||\u00a0\u00bb custom_padding__hover=\u00a0\u00bb|||\u00a0\u00bb][et_pb_text _builder_version=\u00a0\u00bb4.4.8&Prime;]<\/p>\n<p><span style=\"font-weight: 400;\">Les sorties th\u00e9matiques et les activit\u00e9s de suivi aident les enfants \u00e0 apporter des exp\u00e9riences v\u00e9cues dans la vie r\u00e9elle \u00e0 leur apprentissage.<\/span><\/p>\n<p><span style=\"font-weight: 400;\">Nous encourageons la participation des parents et nous les invitons \u00e0 venir discuter de leurs professions et \/ou de leurs cultures avec les enfants, surtout si cela correspond au th\u00e8me du mois ou de la journ\u00e9e sp\u00e9ciale.<\/span><\/p>\n<p><span style=\"font-weight: 400;\">Les parents sot toujours les bienvenus pour participer \u00e0 la c\u00e9l\u00e9bration de nombreuses f\u00eates et \u00e9v\u00e9nements. Pour commencer les conversations entre parents et enfants, notre question de la semaine encourage une discussion ouverte pour d\u00e9couvrir ce que leurs enfants ont appris.<\/span><\/p>\n<p>[\/et_pb_text][\/et_pb_column][et_pb_column type=\u00a0\u00bb1_2&Prime; module_class=\u00a0\u00bbds-vertical-align\u00a0\u00bb _builder_version=\u00a0\u00bb4.0.6&Prime; custom_padding=\u00a0\u00bb|||\u00a0\u00bb custom_padding__hover=\u00a0\u00bb|||\u00a0\u00bb][et_pb_image src=\u00a0\u00bbhttp:\/\/lesgarderieskids.com\/wp-content\/uploads\/2020\/10\/themes-new.jpg\u00a0\u00bb alt=\u00a0\u00bbArt appreciation kids daycare montreal\u00a0\u00bb align_tablet=\u00a0\u00bbcenter\u00a0\u00bb align_phone=\u00a0\u00bb\u00a0\u00bb align_last_edited=\u00a0\u00bbon|desktop\u00a0\u00bb admin_label=\u00a0\u00bbImage\u00a0\u00bb _builder_version=\u00a0\u00bb4.6.5&Prime; hover_enabled=\u00a0\u00bb0&Prime; title_text=\u00a0\u00bbthemes new\u00a0\u00bb sticky_enabled=\u00a0\u00bb0&Prime;][\/et_pb_image][\/et_pb_column][\/et_pb_row][et_pb_row column_structure=\u00a0\u00bb1_2,1_2&Prime; use_custom_gutter=\u00a0\u00bbon\u00a0\u00bb gutter_width=\u00a0\u00bb2&Prime; make_equal=\u00a0\u00bbon\u00a0\u00bb disabled_on=\u00a0\u00bboff|off|on\u00a0\u00bb _builder_version=\u00a0\u00bb4.0.6&Prime; background_size=\u00a0\u00bbinitial\u00a0\u00bb background_position=\u00a0\u00bbtop_left\u00a0\u00bb background_repeat=\u00a0\u00bbrepeat\u00a0\u00bb][et_pb_column type=\u00a0\u00bb1_2&Prime; module_class=\u00a0\u00bbds-vertical-align\u00a0\u00bb _builder_version=\u00a0\u00bb4.0.6&Prime; custom_padding=\u00a0\u00bb|||\u00a0\u00bb custom_padding__hover=\u00a0\u00bb|||\u00a0\u00bb][et_pb_image src=\u00a0\u00bbhttp:\/\/lesgarderieskids.com\/wp-content\/uploads\/2020\/10\/themes-new.jpg\u00a0\u00bb alt=\u00a0\u00bbArt appreciation kids daycare montreal\u00a0\u00bb align_tablet=\u00a0\u00bbcenter\u00a0\u00bb align_phone=\u00a0\u00bb\u00a0\u00bb align_last_edited=\u00a0\u00bbon|desktop\u00a0\u00bb admin_label=\u00a0\u00bbImage\u00a0\u00bb _builder_version=\u00a0\u00bb4.6.5&Prime; hover_enabled=\u00a0\u00bb0&Prime; title_text=\u00a0\u00bbthemes new\u00a0\u00bb sticky_enabled=\u00a0\u00bb0&Prime;][\/et_pb_image][\/et_pb_column][et_pb_column type=\u00a0\u00bb1_2&Prime; module_class=\u00a0\u00bbds-vertical-align\u00a0\u00bb _builder_version=\u00a0\u00bb4.0.6&Prime; custom_padding=\u00a0\u00bb|||\u00a0\u00bb custom_padding__hover=\u00a0\u00bb|||\u00a0\u00bb][et_pb_text _builder_version=\u00a0\u00bb4.4.8&Prime;]<\/p>\n<p><span style=\"font-weight: 400;\">Les sorties th\u00e9matiques et les activit\u00e9s de suivi aident les enfants \u00e0 apporter des exp\u00e9riences v\u00e9cues dans la vie r\u00e9elle \u00e0 leur apprentissage.<\/span><\/p>\n<p><span style=\"font-weight: 400;\">Nous encourageons la participation des parents et nous les invitons \u00e0 venir discuter de leurs professions et \/ou de leurs cultures avec les enfants, surtout si cela correspond au th\u00e8me du mois ou de la journ\u00e9e sp\u00e9ciale.<\/span><\/p>\n<p><span style=\"font-weight: 400;\">Les parents sot toujours les bienvenus pour participer \u00e0 la c\u00e9l\u00e9bration de nombreuses f\u00eates et \u00e9v\u00e9nements. Pour commencer les conversations entre parents et enfants, notre question de la semaine encourage une discussion ouverte pour d\u00e9couvrir ce que leurs enfants ont appris.<\/span><\/p>\n<p>[\/et_pb_text][\/et_pb_column][\/et_pb_row][et_pb_row column_structure=\u00a0\u00bb1_2,1_2&Prime; use_custom_gutter=\u00a0\u00bbon\u00a0\u00bb gutter_width=\u00a0\u00bb2&Prime; make_equal=\u00a0\u00bbon\u00a0\u00bb _builder_version=\u00a0\u00bb4.0.6&Prime; background_size=\u00a0\u00bbinitial\u00a0\u00bb background_position=\u00a0\u00bbtop_left\u00a0\u00bb background_repeat=\u00a0\u00bbrepeat\u00a0\u00bb][et_pb_column type=\u00a0\u00bb1_2&Prime; module_class=\u00a0\u00bbds-vertical-align\u00a0\u00bb _builder_version=\u00a0\u00bb4.0.6&Prime; custom_padding=\u00a0\u00bb|||\u00a0\u00bb custom_padding__hover=\u00a0\u00bb|||\u00a0\u00bb][et_pb_image src=\u00a0\u00bbhttp:\/\/lesgarderieskids.com\/wp-content\/uploads\/2019\/12\/themes-4.jpg\u00a0\u00bb alt=\u00a0\u00bbArt appreciation kids daycare montreal\u00a0\u00bb align_tablet=\u00a0\u00bbcenter\u00a0\u00bb align_phone=\u00a0\u00bb\u00a0\u00bb align_last_edited=\u00a0\u00bbon|desktop\u00a0\u00bb admin_label=\u00a0\u00bbImage\u00a0\u00bb _builder_version=\u00a0\u00bb4.0.6&Prime; hover_enabled=\u00a0\u00bb0&Prime; sticky_enabled=\u00a0\u00bb0&Prime;][\/et_pb_image][\/et_pb_column][et_pb_column type=\u00a0\u00bb1_2&Prime; module_class=\u00a0\u00bbds-vertical-align\u00a0\u00bb _builder_version=\u00a0\u00bb4.0.6&Prime; custom_padding=\u00a0\u00bb|||\u00a0\u00bb custom_padding__hover=\u00a0\u00bb|||\u00a0\u00bb][et_pb_text _builder_version=\u00a0\u00bb4.4.8&Prime;]<\/p>\n<p><span style=\"font-weight: 400;\">Plusieurs de nos garderies ont des jardins potagers dont les enfants s&rsquo;occupent. Cette exp\u00e9rience est \u00e9troitement li\u00e9e \u00e0 plusieurs th\u00e8mes tout au long de l&rsquo;ann\u00e9e. Non seulement les enfants d\u00e9couvrent le monde qui les entoure gr\u00e2ce \u00e0 ces jardins, mais ils apprennent \u00e9galement la notion de durabilit\u00e9. Les enfants aident \u00e0 planter les graines au printemps, ils aident \u00e0 arroser le jardin et regardent les plantes pousser. Une fois pr\u00eats, ils aident \u00e0 r\u00e9colter les l\u00e9gumes et \u00e0 les donner \u00e0 notre cuisini\u00e8re. Celle-ci pr\u00e9pare ensuite un d\u00e9licieux repas en utilisant les produits que les enfants ont eux-m\u00eames cultiv\u00e9s. <\/span><\/p>\n<p>[\/et_pb_text][\/et_pb_column][\/et_pb_row][et_pb_row column_structure=\u00a0\u00bb1_3,1_3,1_3&Prime; _builder_version=\u00a0\u00bb4.0.6&Prime;][et_pb_column type=\u00a0\u00bb1_3&Prime; _builder_version=\u00a0\u00bb4.0.6&Prime;][et_pb_image src=\u00a0\u00bbhttp:\/\/lesgarderieskids.com\/wp-content\/uploads\/2019\/12\/themes-2.jpg\u00a0\u00bb alt=\u00a0\u00bbArt appreciation kids daycare montreal\u00a0\u00bb align_tablet=\u00a0\u00bbcenter\u00a0\u00bb align_phone=\u00a0\u00bb\u00a0\u00bb align_last_edited=\u00a0\u00bbon|desktop\u00a0\u00bb admin_label=\u00a0\u00bbImage\u00a0\u00bb _builder_version=\u00a0\u00bb4.0.6&Prime;][\/et_pb_image][\/et_pb_column][et_pb_column type=\u00a0\u00bb1_3&Prime; _builder_version=\u00a0\u00bb4.0.6&Prime;][et_pb_image src=\u00a0\u00bbhttp:\/\/lesgarderieskids.com\/wp-content\/uploads\/2019\/11\/eco-5.jpg\u00a0\u00bb alt=\u00a0\u00bbArt appreciation kids daycare montreal\u00a0\u00bb align_tablet=\u00a0\u00bbcenter\u00a0\u00bb align_phone=\u00a0\u00bb\u00a0\u00bb align_last_edited=\u00a0\u00bbon|desktop\u00a0\u00bb admin_label=\u00a0\u00bbImage\u00a0\u00bb _builder_version=\u00a0\u00bb4.0.6&Prime;][\/et_pb_image][\/et_pb_column][et_pb_column type=\u00a0\u00bb1_3&Prime; _builder_version=\u00a0\u00bb4.0.6&Prime;][et_pb_image src=\u00a0\u00bbhttp:\/\/lesgarderieskids.com\/wp-content\/uploads\/2019\/12\/themes-3.jpg\u00a0\u00bb alt=\u00a0\u00bbArt appreciation kids daycare montreal\u00a0\u00bb align_tablet=\u00a0\u00bbcenter\u00a0\u00bb align_phone=\u00a0\u00bb\u00a0\u00bb align_last_edited=\u00a0\u00bbon|desktop\u00a0\u00bb admin_label=\u00a0\u00bbImage\u00a0\u00bb _builder_version=\u00a0\u00bb4.0.6&Prime;][\/et_pb_image][\/et_pb_column][\/et_pb_row][\/et_pb_section][et_pb_section fb_built=\u00a0\u00bb1&Prime; _builder_version=\u00a0\u00bb4.0.6&Prime; background_color=\u00a0\u00bb#ededed\u00a0\u00bb custom_margin=\u00a0\u00bb0px||0px||false|false\u00a0\u00bb custom_padding=\u00a0\u00bb0px||0px||false|false\u00a0\u00bb top_divider_color=\u00a0\u00bb#2ea3f2&Prime; saved_tabs=\u00a0\u00bball\u00a0\u00bb][et_pb_row column_structure=\u00a0\u00bb1_3,1_3,1_3&Prime; _builder_version=\u00a0\u00bb4.0.6&Prime; custom_margin=\u00a0\u00bb0px||||false|false\u00a0\u00bb custom_padding=\u00a0\u00bb||||false|false\u00a0\u00bb][et_pb_column type=\u00a0\u00bb1_3&Prime; _builder_version=\u00a0\u00bb4.0.6&Prime;][et_pb_text _builder_version=\u00a0\u00bb4.0.6&Prime; text_font_size=\u00a0\u00bb12px\u00a0\u00bb link_text_color=\u00a0\u00bb#ddd\u00a0\u00bb link_font_size=\u00a0\u00bb14px\u00a0\u00bb]<\/p>\n<p>Les Garderies K.I.D.S.\u00a0<b class=\"whb\">\u00ae<\/b><\/p>\n<p>[\/et_pb_text][\/et_pb_column][et_pb_column type=\u00a0\u00bb1_3&Prime; _builder_version=\u00a0\u00bb4.0.6&Prime;][\/et_pb_column][et_pb_column type=\u00a0\u00bb1_3&Prime; _builder_version=\u00a0\u00bb4.0.6&Prime;][et_pb_text _builder_version=\u00a0\u00bb4.0.6&Prime; link_text_color=\u00a0\u00bb#666666&Prime; link_font_size=\u00a0\u00bb12px\u00a0\u00bb]<\/p>\n<p><a href=\"https:\/\/sparrowstrategy.com\/\" target=\"_blank\" rel=\"noopener\">Website design by SparrowDigital<\/a><\/p>\n<p>[\/et_pb_text][\/et_pb_column][\/et_pb_row][\/et_pb_section]<\/p>\n","protected":false},"excerpt":{"rendered":"<p>Chaque mois, les enfants explorent un th\u00e8me diff\u00e9rent \u00e0 travers diverses activit\u00e9s et exp\u00e9riences en classe. Les locaux sont alors transform\u00e9s en fonction du th\u00e8me abord\u00e9, gr\u00e2ce aux \u0153uvres d&rsquo;art des enfants ainsi que des d\u00e9corations cr\u00e9\u00e9es par l&rsquo;\u00e9ducateur. Des plans de le\u00e7on mensuels, directement li\u00e9s au th\u00e8me, sont affich\u00e9s \u00e0 l&rsquo;ext\u00e9rieur de la salle [&hellip;]<\/p>\n","protected":false},"author":2,"featured_media":0,"parent":1737,"menu_order":0,"comment_status":"closed","ping_status":"closed","template":"","meta":{"_et_pb_use_builder":"on","_et_pb_old_content":"","_et_gb_content_width":"","footnotes":""},"class_list":["post-1741","page","type-page","status-publish","hentry"],"_links":{"self":[{"href":"https:\/\/lesgarderieskids.com\/fr\/wp-json\/wp\/v2\/pages\/1741","targetHints":{"allow":["GET"]}}],"collection":[{"href":"https:\/\/lesgarderieskids.com\/fr\/wp-json\/wp\/v2\/pages"}],"about":[{"href":"https:\/\/lesgarderieskids.com\/fr\/wp-json\/wp\/v2\/types\/page"}],"author":[{"embeddable":true,"href":"https:\/\/lesgarderieskids.com\/fr\/wp-json\/wp\/v2\/users\/2"}],"replies":[{"embeddable":true,"href":"https:\/\/lesgarderieskids.com\/fr\/wp-json\/wp\/v2\/comments?post=1741"}],"version-history":[{"count":5,"href":"https:\/\/lesgarderieskids.com\/fr\/wp-json\/wp\/v2\/pages\/1741\/revisions"}],"predecessor-version":[{"id":1988,"href":"https:\/\/lesgarderieskids.com\/fr\/wp-json\/wp\/v2\/pages\/1741\/revisions\/1988"}],"up":[{"embeddable":true,"href":"https:\/\/lesgarderieskids.com\/fr\/wp-json\/wp\/v2\/pages\/1737"}],"wp:attachment":[{"href":"https:\/\/lesgarderieskids.com\/fr\/wp-json\/wp\/v2\/media?parent=1741"}],"curies":[{"name":"wp","href":"https:\/\/api.w.org\/{rel}","templated":true}]}}