{"id":1740,"date":"2017-08-10T19:01:44","date_gmt":"2017-08-10T19:01:44","guid":{"rendered":"http:\/\/lesgarderieskids.com\/our-programs\/living-values\/"},"modified":"2020-07-31T13:06:30","modified_gmt":"2020-07-31T13:06:30","slug":"les-valeurs-de-la-vie","status":"publish","type":"page","link":"https:\/\/lesgarderieskids.com\/fr\/nos-programmes\/les-valeurs-de-la-vie\/","title":{"rendered":"Les valeurs de la vie"},"content":{"rendered":"<p>[et_pb_section fb_built=\u00a0\u00bb1&Prime; fullwidth=\u00a0\u00bbon\u00a0\u00bb _builder_version=\u00a0\u00bb4.0.6&Prime; custom_margin=\u00a0\u00bb0px||0px||false|false\u00a0\u00bb custom_padding=\u00a0\u00bb0px||0px||false|false\u00a0\u00bb][et_pb_fullwidth_header title=\u00a0\u00bbLes valeurs de la vie\u00a0\u00bb subhead=\u00a0\u00bbCe programme vise \u00e0 donner \u00e0 chaque enfant les moyens d&rsquo;apporter des changements b\u00e9n\u00e9fiques \u00e0 sa communaut\u00e9 et d&rsquo;assumer la responsabilit\u00e9 de ses actes.\u00a0\u00bb text_orientation=\u00a0\u00bbcenter\u00a0\u00bb logo_image_url=\u00a0\u00bbhttp:\/\/lesgarderieskids.com\/wp-content\/uploads\/2019\/11\/Our-Programs-K-I-D-S-Child-Care-2.jpg\u00a0\u00bb _builder_version=\u00a0\u00bb4.0.6&Prime; title_text_color=\u00a0\u00bb#2ea3f2&Prime; title_font_size=\u00a0\u00bb60px\u00a0\u00bb subhead_font=\u00a0\u00bb|300|||||||\u00a0\u00bb subhead_text_color=\u00a0\u00bb#666666&Prime; subhead_font_size=\u00a0\u00bb25px\u00a0\u00bb subhead_line_height=\u00a0\u00bb1.2em\u00a0\u00bb background_color=\u00a0\u00bbrgba(255, 255, 255, 0)\u00a0\u00bb background_enable_image=\u00a0\u00bboff\u00a0\u00bb max_width_tablet=\u00a0\u00bb50px\u00a0\u00bb title_font_size_tablet=\u00a0\u00bb40px\u00a0\u00bb title_font_size_phone=\u00a0\u00bb30px\u00a0\u00bb title_font_size_last_edited=\u00a0\u00bbon|phone\u00a0\u00bb custom_css_subtitle=\u00a0\u00bbpadding-top: 30px\u00a0\u00bb button_one_text_size__hover_enabled=\u00a0\u00bboff\u00a0\u00bb button_one_text_size__hover=\u00a0\u00bbnull\u00a0\u00bb button_two_text_size__hover_enabled=\u00a0\u00bboff\u00a0\u00bb button_two_text_size__hover=\u00a0\u00bbnull\u00a0\u00bb button_one_text_color__hover_enabled=\u00a0\u00bboff\u00a0\u00bb button_one_text_color__hover=\u00a0\u00bbnull\u00a0\u00bb button_two_text_color__hover_enabled=\u00a0\u00bboff\u00a0\u00bb button_two_text_color__hover=\u00a0\u00bbnull\u00a0\u00bb button_one_border_width__hover_enabled=\u00a0\u00bboff\u00a0\u00bb button_one_border_width__hover=\u00a0\u00bbnull\u00a0\u00bb button_two_border_width__hover_enabled=\u00a0\u00bboff\u00a0\u00bb button_two_border_width__hover=\u00a0\u00bbnull\u00a0\u00bb button_one_border_color__hover_enabled=\u00a0\u00bboff\u00a0\u00bb button_one_border_color__hover=\u00a0\u00bbnull\u00a0\u00bb button_two_border_color__hover_enabled=\u00a0\u00bboff\u00a0\u00bb button_two_border_color__hover=\u00a0\u00bbnull\u00a0\u00bb button_one_border_radius__hover_enabled=\u00a0\u00bboff\u00a0\u00bb button_one_border_radius__hover=\u00a0\u00bbnull\u00a0\u00bb button_two_border_radius__hover_enabled=\u00a0\u00bboff\u00a0\u00bb button_two_border_radius__hover=\u00a0\u00bbnull\u00a0\u00bb button_one_letter_spacing__hover_enabled=\u00a0\u00bbon\u00a0\u00bb button_one_letter_spacing__hover=\u00a0\u00bb0&Prime; button_two_letter_spacing__hover_enabled=\u00a0\u00bbon\u00a0\u00bb button_two_letter_spacing__hover=\u00a0\u00bb0&Prime; button_one_bg_color__hover_enabled=\u00a0\u00bboff\u00a0\u00bb button_one_bg_color__hover=\u00a0\u00bbnull\u00a0\u00bb button_two_bg_color__hover_enabled=\u00a0\u00bboff\u00a0\u00bb button_two_bg_color__hover=\u00a0\u00bbnull\u00a0\u00bb][\/et_pb_fullwidth_header][\/et_pb_section][et_pb_section fb_built=\u00a0\u00bb1&Prime; _builder_version=\u00a0\u00bb4.0.6&Prime; custom_margin=\u00a0\u00bb0px||||false|false\u00a0\u00bb custom_padding=\u00a0\u00bb0px||||false|false\u00a0\u00bb][et_pb_row column_structure=\u00a0\u00bb1_2,1_2&Prime; use_custom_gutter=\u00a0\u00bbon\u00a0\u00bb gutter_width=\u00a0\u00bb2&Prime; make_equal=\u00a0\u00bbon\u00a0\u00bb _builder_version=\u00a0\u00bb4.0.6&Prime; background_size=\u00a0\u00bbinitial\u00a0\u00bb background_position=\u00a0\u00bbtop_left\u00a0\u00bb background_repeat=\u00a0\u00bbrepeat\u00a0\u00bb][et_pb_column type=\u00a0\u00bb1_2&Prime; module_class=\u00a0\u00bbds-vertical-align\u00a0\u00bb _builder_version=\u00a0\u00bb4.0.6&Prime; custom_padding=\u00a0\u00bb|||\u00a0\u00bb custom_padding__hover=\u00a0\u00bb|||\u00a0\u00bb][et_pb_image src=\u00a0\u00bbhttp:\/\/lesgarderieskids.com\/wp-content\/uploads\/2019\/11\/living-1.jpg\u00a0\u00bb alt=\u00a0\u00bbArt appreciation kids daycare montreal\u00a0\u00bb align_tablet=\u00a0\u00bbcenter\u00a0\u00bb align_phone=\u00a0\u00bb\u00a0\u00bb align_last_edited=\u00a0\u00bbon|desktop\u00a0\u00bb _builder_version=\u00a0\u00bb4.0.6&Prime;][\/et_pb_image][\/et_pb_column][et_pb_column type=\u00a0\u00bb1_2&Prime; module_class=\u00a0\u00bbds-vertical-align\u00a0\u00bb _builder_version=\u00a0\u00bb4.0.6&Prime; custom_padding=\u00a0\u00bb|||\u00a0\u00bb custom_padding__hover=\u00a0\u00bb|||\u00a0\u00bb][et_pb_text _builder_version=\u00a0\u00bb4.4.8&Prime;]<\/p>\n<p><span style=\"font-weight: 400;\">L&rsquo;intimidation et d&rsquo;autres probl\u00e8mes sociaux sont malheureusement devenus des probl\u00e8mes courants pour les enfants aujourd&rsquo;hui. L&rsquo;agressivit\u00e9, le manque de respect et l&rsquo;impulsivit\u00e9 sont des probl\u00e8mes auxquels de nombreux enfants sont confront\u00e9s. L&rsquo;\u00e9ducation aux valeurs de la vie offre aux enfants des exp\u00e9riences positives qui les aident \u00e0 orienter leurs choix et leurs comportements.<\/span><\/p>\n<p>[\/et_pb_text][\/et_pb_column][\/et_pb_row][et_pb_row column_structure=\u00a0\u00bb1_2,1_2&Prime; use_custom_gutter=\u00a0\u00bbon\u00a0\u00bb gutter_width=\u00a0\u00bb2&Prime; make_equal=\u00a0\u00bbon\u00a0\u00bb disabled_on=\u00a0\u00bbon|on|off\u00a0\u00bb _builder_version=\u00a0\u00bb4.0.6&Prime; background_size=\u00a0\u00bbinitial\u00a0\u00bb background_position=\u00a0\u00bbtop_left\u00a0\u00bb background_repeat=\u00a0\u00bbrepeat\u00a0\u00bb][et_pb_column type=\u00a0\u00bb1_2&Prime; module_class=\u00a0\u00bbds-vertical-align\u00a0\u00bb _builder_version=\u00a0\u00bb4.0.6&Prime; custom_padding=\u00a0\u00bb|||\u00a0\u00bb custom_padding__hover=\u00a0\u00bb|||\u00a0\u00bb][et_pb_text _builder_version=\u00a0\u00bb4.4.8&Prime;]<\/p>\n<p><span style=\"font-weight: 400;\">L&rsquo;\u00e9ducation aux valeurs de la vie se concentre \u00e9galement sur la signification et le but de l&rsquo;apprentissage en explorant les valeurs suivantes : la paix, le respect, l&rsquo;amour, la coop\u00e9ration, le bonheur, l&rsquo;honn\u00eatet\u00e9, l&rsquo;humilit\u00e9, la responsabilit\u00e9, la simplicit\u00e9, la tol\u00e9rance, la libert\u00e9 et l&rsquo;unit\u00e9. Ce programme vise \u00e0 donner aux enfants les moyens d&rsquo;apporter des changements b\u00e9n\u00e9fiques \u00e0 leurs communaut\u00e9s et d&rsquo;assumer la responsabilit\u00e9 de leurs actes.<\/span><\/p>\n<p>[\/et_pb_text][\/et_pb_column][et_pb_column type=\u00a0\u00bb1_2&Prime; module_class=\u00a0\u00bbds-vertical-align\u00a0\u00bb _builder_version=\u00a0\u00bb4.0.6&Prime; custom_padding=\u00a0\u00bb|||\u00a0\u00bb custom_padding__hover=\u00a0\u00bb|||\u00a0\u00bb][et_pb_image src=\u00a0\u00bbhttp:\/\/lesgarderieskids.com\/wp-content\/uploads\/2019\/11\/living-2.jpg\u00a0\u00bb alt=\u00a0\u00bbArt appreciation kids daycare montreal\u00a0\u00bb align_tablet=\u00a0\u00bbcenter\u00a0\u00bb align_phone=\u00a0\u00bb\u00a0\u00bb align_last_edited=\u00a0\u00bbon|desktop\u00a0\u00bb _builder_version=\u00a0\u00bb4.0.6&Prime;][\/et_pb_image][\/et_pb_column][\/et_pb_row][et_pb_row column_structure=\u00a0\u00bb1_2,1_2&Prime; use_custom_gutter=\u00a0\u00bbon\u00a0\u00bb gutter_width=\u00a0\u00bb2&Prime; make_equal=\u00a0\u00bbon\u00a0\u00bb disabled_on=\u00a0\u00bboff|off|on\u00a0\u00bb _builder_version=\u00a0\u00bb4.0.6&Prime; background_size=\u00a0\u00bbinitial\u00a0\u00bb background_position=\u00a0\u00bbtop_left\u00a0\u00bb background_repeat=\u00a0\u00bbrepeat\u00a0\u00bb][et_pb_column type=\u00a0\u00bb1_2&Prime; module_class=\u00a0\u00bbds-vertical-align\u00a0\u00bb _builder_version=\u00a0\u00bb4.0.6&Prime; custom_padding=\u00a0\u00bb|||\u00a0\u00bb custom_padding__hover=\u00a0\u00bb|||\u00a0\u00bb][et_pb_image src=\u00a0\u00bbhttp:\/\/lesgarderieskids.com\/wp-content\/uploads\/2019\/11\/living-2.jpg\u00a0\u00bb alt=\u00a0\u00bbArt appreciation kids daycare montreal\u00a0\u00bb align_tablet=\u00a0\u00bbcenter\u00a0\u00bb align_phone=\u00a0\u00bb\u00a0\u00bb align_last_edited=\u00a0\u00bbon|desktop\u00a0\u00bb _builder_version=\u00a0\u00bb4.0.6&Prime;][\/et_pb_image][\/et_pb_column][et_pb_column type=\u00a0\u00bb1_2&Prime; module_class=\u00a0\u00bbds-vertical-align\u00a0\u00bb _builder_version=\u00a0\u00bb4.0.6&Prime; custom_padding=\u00a0\u00bb|||\u00a0\u00bb custom_padding__hover=\u00a0\u00bb|||\u00a0\u00bb][et_pb_text _builder_version=\u00a0\u00bb4.4.8&Prime;]<\/p>\n<p><span style=\"font-weight: 400;\">L&rsquo;\u00e9ducation aux valeurs de la vie se concentre \u00e9galement sur la signification et le but de l&rsquo;apprentissage en explorant les valeurs suivantes : la paix, le respect, l&rsquo;amour, la coop\u00e9ration, le bonheur, l&rsquo;honn\u00eatet\u00e9, l&rsquo;humilit\u00e9, la responsabilit\u00e9, la simplicit\u00e9, la tol\u00e9rance, la libert\u00e9 et l&rsquo;unit\u00e9. Ce programme vise \u00e0 donner aux enfants les moyens d&rsquo;apporter des changements b\u00e9n\u00e9fiques \u00e0 leurs communaut\u00e9s et d&rsquo;assumer la responsabilit\u00e9 de leurs actes.<\/span><\/p>\n<p>[\/et_pb_text][\/et_pb_column][\/et_pb_row][et_pb_row column_structure=\u00a0\u00bb1_2,1_2&Prime; use_custom_gutter=\u00a0\u00bbon\u00a0\u00bb gutter_width=\u00a0\u00bb2&Prime; make_equal=\u00a0\u00bbon\u00a0\u00bb _builder_version=\u00a0\u00bb4.0.6&Prime; background_size=\u00a0\u00bbinitial\u00a0\u00bb background_position=\u00a0\u00bbtop_left\u00a0\u00bb background_repeat=\u00a0\u00bbrepeat\u00a0\u00bb][et_pb_column type=\u00a0\u00bb1_2&Prime; module_class=\u00a0\u00bbds-vertical-align\u00a0\u00bb _builder_version=\u00a0\u00bb4.0.6&Prime; custom_padding=\u00a0\u00bb|||\u00a0\u00bb custom_padding__hover=\u00a0\u00bb|||\u00a0\u00bb][et_pb_image src=\u00a0\u00bbhttp:\/\/lesgarderieskids.com\/wp-content\/uploads\/2019\/11\/living-3.jpg\u00a0\u00bb alt=\u00a0\u00bbArt appreciation kids daycare montreal\u00a0\u00bb align_tablet=\u00a0\u00bbcenter\u00a0\u00bb align_phone=\u00a0\u00bb\u00a0\u00bb align_last_edited=\u00a0\u00bbon|desktop\u00a0\u00bb admin_label=\u00a0\u00bbImage\u00a0\u00bb _builder_version=\u00a0\u00bb4.0.6&Prime;][\/et_pb_image][\/et_pb_column][et_pb_column type=\u00a0\u00bb1_2&Prime; module_class=\u00a0\u00bbds-vertical-align\u00a0\u00bb _builder_version=\u00a0\u00bb4.0.6&Prime; custom_padding=\u00a0\u00bb|||\u00a0\u00bb custom_padding__hover=\u00a0\u00bb|||\u00a0\u00bb][et_pb_text _builder_version=\u00a0\u00bb4.4.8&Prime;]<\/p>\n<p><span style=\"font-weight: 400;\">En se concentrant sur la valeur et l&rsquo;int\u00e9grit\u00e9, les enfants sont form\u00e9s \u00e0 se sentir bien dans leur peau. L&rsquo;\u00e9ducation aux valeurs vivantes est soutenue par l&rsquo;UNESCO et une multitude d&rsquo;autres organisations, agences, organismes gouvernementaux, fondations, groupes communautaires et individus. Elle fait partie d&rsquo;un mouvement mondial en faveur d&rsquo;une culture de la paix. Pour en savoir plus sur l&rsquo;\u00e9ducation aux valeurs de la vie, visitez leur site : (<a href=\"http:\/\/www.livingvalues.net\">http:\/\/www.livingvalues.net<\/a>)<\/span><\/p>\n<p>[\/et_pb_text][\/et_pb_column][\/et_pb_row][et_pb_row _builder_version=\u00a0\u00bb4.0.6&Prime;][et_pb_column type=\u00a0\u00bb4_4&Prime; _builder_version=\u00a0\u00bb4.0.6&Prime;][et_pb_text _builder_version=\u00a0\u00bb4.4.8&Prime; header_2_text_color=\u00a0\u00bb#2ea3f2&Prime; custom_padding=\u00a0\u00bb40px||||false|false\u00a0\u00bb custom_padding_tablet=\u00a0\u00bb20px||||false|false\u00a0\u00bb custom_padding_phone=\u00a0\u00bb20px||||false|false\u00a0\u00bb custom_padding_last_edited=\u00a0\u00bbon|phone\u00a0\u00bb]<\/p>\n<h2><span style=\"font-weight: 400;\">Avantages de l&rsquo;\u00e9ducation aux valeurs de la vie (EVV) :<\/span><\/h2>\n<p>[\/et_pb_text][\/et_pb_column][\/et_pb_row][et_pb_row column_structure=\u00a0\u00bb1_2,1_2&Prime; use_custom_gutter=\u00a0\u00bbon\u00a0\u00bb gutter_width=\u00a0\u00bb2&Prime; make_equal=\u00a0\u00bbon\u00a0\u00bb disabled_on=\u00a0\u00bbon|on|off\u00a0\u00bb _builder_version=\u00a0\u00bb4.0.6&Prime; background_size=\u00a0\u00bbinitial\u00a0\u00bb background_position=\u00a0\u00bbtop_left\u00a0\u00bb background_repeat=\u00a0\u00bbrepeat\u00a0\u00bb][et_pb_column type=\u00a0\u00bb1_2&Prime; module_class=\u00a0\u00bbds-vertical-align\u00a0\u00bb _builder_version=\u00a0\u00bb4.0.6&Prime; custom_padding=\u00a0\u00bb|||\u00a0\u00bb custom_padding__hover=\u00a0\u00bb|||\u00a0\u00bb][et_pb_text _builder_version=\u00a0\u00bb4.4.8&Prime;]<\/p>\n<ul>\n<li><span style=\"font-weight: 400;\"> EVV aide \u00e0 d\u00e9velopper l&#8217;empathie car apprendre comment les actions influencent les autres aide les enfants \u00e0 comprendre les nombreuses fa\u00e7ons dont les humains sont connect\u00e9s les uns aux autres, ce qui d\u00e9veloppe ensuite la capacit\u00e9 de reconna\u00eetre et de comprendre les sentiments des autres.<\/span><\/li>\n<li><span style=\"font-weight: 400;\"> EVV encourage l&rsquo;autonomisation des enfants qui apprennent l&rsquo;importance et les effets de leurs actions sur le monde et les autres, qui reconnaissent la puissance de leurs actes et la force qu&rsquo;ils poss\u00e8dent en eux-m\u00eames, ce qui cr\u00e9e des enfants autonomes qui deviendront ensuite des adultes plus confiants, plus comp\u00e9tents et plus heureux.<\/span><\/li>\n<li><span style=\"font-weight: 400;\"> EVV aide \u00e0 d\u00e9velopper le contr\u00f4le des impulsions car les enfants comprennent l&rsquo;effet de leurs actions sur le monde qui les entoure, ils apprennent \u00e9galement qu&rsquo;il existe des moyens d&rsquo;exercer un contr\u00f4le sur leurs actions et leurs comportements, ce qui peut se traduire par de meilleurs r\u00e9sultats tout au long de la vie.<\/span><\/li>\n<\/ul>\n<p>[\/et_pb_text][\/et_pb_column][et_pb_column type=\u00a0\u00bb1_2&Prime; module_class=\u00a0\u00bbds-vertical-align\u00a0\u00bb _builder_version=\u00a0\u00bb4.0.6&Prime; custom_padding=\u00a0\u00bb|||\u00a0\u00bb custom_padding__hover=\u00a0\u00bb|||\u00a0\u00bb][et_pb_text _builder_version=\u00a0\u00bb4.4.8&Prime; custom_padding=\u00a0\u00bb0px|||||\u00a0\u00bb]<\/p>\n<ul>\n<li><span style=\"font-weight: 400;\"> EVV d\u00e9veloppe l&rsquo;intelligence \u00e9motionnelle en apprenant aux enfants \u00e0 naviguer dans les relations interpersonnelles gr\u00e2ce \u00e0 des activit\u00e9s guid\u00e9es et des interventions en temps r\u00e9el, ce qui les aide \u00e0 construire les bases \u00e9motionnelles dont ils auront besoin pour exceller, car l&rsquo;intelligence \u00e9motionnelle est li\u00e9e \u00e0 une plus grande r\u00e9ussite dans tous les aspects de la vie.<\/span><\/li>\n<li><span style=\"font-weight: 400;\"> EVV encourage le d\u00e9veloppement de l&rsquo;intelligence morale, car les enfants acqui\u00e8rent la capacit\u00e9 de distinguer le bien du mal et apprennent \u00e0 adapter leurs comportements en cons\u00e9quence. L&rsquo;intelligence morale est une qualit\u00e9 associ\u00e9e aux bons dirigeants, et comprend un plus grand sens de l&rsquo;altruisme, une volont\u00e9 accrue d&rsquo;apprendre des autres et une tendance \u00e0 se fixer des objectifs et \u00e0 pers\u00e9v\u00e9rer.<\/span><\/li>\n<\/ul>\n<p>&nbsp;<\/p>\n<p>[\/et_pb_text][\/et_pb_column][\/et_pb_row][et_pb_row use_custom_gutter=\u00a0\u00bbon\u00a0\u00bb gutter_width=\u00a0\u00bb2&Prime; make_equal=\u00a0\u00bbon\u00a0\u00bb disabled_on=\u00a0\u00bboff|off|on\u00a0\u00bb _builder_version=\u00a0\u00bb4.0.6&Prime; background_size=\u00a0\u00bbinitial\u00a0\u00bb background_position=\u00a0\u00bbtop_left\u00a0\u00bb background_repeat=\u00a0\u00bbrepeat\u00a0\u00bb][et_pb_column type=\u00a0\u00bb4_4&Prime; module_class=\u00a0\u00bbds-vertical-align\u00a0\u00bb _builder_version=\u00a0\u00bb4.0.6&Prime; custom_padding=\u00a0\u00bb|||\u00a0\u00bb custom_padding__hover=\u00a0\u00bb|||\u00a0\u00bb][et_pb_text _builder_version=\u00a0\u00bb4.4.8&Prime;]<\/p>\n<ul>\n<li><span style=\"font-weight: 400;\"> EVV aide \u00e0 d\u00e9velopper l&#8217;empathie car apprendre comment les actions influencent les autres aide les enfants \u00e0 comprendre les nombreuses fa\u00e7ons dont les humains sont connect\u00e9s les uns aux autres, ce qui d\u00e9veloppe ensuite la capacit\u00e9 de reconna\u00eetre et de comprendre les sentiments des autres.<\/span><\/li>\n<li><span style=\"font-weight: 400;\"> EVV encourage l&rsquo;autonomisation des enfants qui apprennent l&rsquo;importance et les effets de leurs actions sur le monde et les autres, qui reconnaissent la puissance de leurs actes et la force qu&rsquo;ils poss\u00e8dent en eux-m\u00eames, ce qui cr\u00e9e des enfants autonomes qui deviendront ensuite des adultes plus confiants, plus comp\u00e9tents et plus heureux.<\/span><\/li>\n<li><span style=\"font-weight: 400;\"> EVV aide \u00e0 d\u00e9velopper le contr\u00f4le des impulsions car les enfants comprennent l&rsquo;effet de leurs actions sur le monde qui les entoure, ils apprennent \u00e9galement qu&rsquo;il existe des moyens d&rsquo;exercer un contr\u00f4le sur leurs actions et leurs comportements, ce qui peut se traduire par de meilleurs r\u00e9sultats tout au long de la vie.<\/span><\/li>\n<li><span style=\"font-weight: 400;\"> EVV d\u00e9veloppe l&rsquo;intelligence \u00e9motionnelle en apprenant aux enfants \u00e0 naviguer dans les relations interpersonnelles gr\u00e2ce \u00e0 des activit\u00e9s guid\u00e9es et des interventions en temps r\u00e9el, ce qui les aide \u00e0 construire les bases \u00e9motionnelles dont ils auront besoin pour exceller, car l&rsquo;intelligence \u00e9motionnelle est li\u00e9e \u00e0 une plus grande r\u00e9ussite dans tous les aspects de la vie.<\/span><\/li>\n<li><span style=\"font-weight: 400;\"> EVV encourage le d\u00e9veloppement de l&rsquo;intelligence morale, car les enfants acqui\u00e8rent la capacit\u00e9 de distinguer le bien du mal et apprennent \u00e0 adapter leurs comportements en cons\u00e9quence. L&rsquo;intelligence morale est une qualit\u00e9 associ\u00e9e aux bons dirigeants, et comprend un plus grand sens de l&rsquo;altruisme, une volont\u00e9 accrue d&rsquo;apprendre des autres et une tendance \u00e0 se fixer des objectifs et \u00e0 pers\u00e9v\u00e9rer.<\/span><\/li>\n<\/ul>\n<p>[\/et_pb_text][\/et_pb_column][\/et_pb_row][et_pb_row column_structure=\u00a0\u00bb1_3,1_3,1_3&Prime; _builder_version=\u00a0\u00bb4.0.6&Prime;][et_pb_column type=\u00a0\u00bb1_3&Prime; _builder_version=\u00a0\u00bb4.0.6&Prime;][et_pb_image src=\u00a0\u00bbhttp:\/\/lesgarderieskids.com\/wp-content\/uploads\/2019\/11\/living-5.jpg\u00a0\u00bb alt=\u00a0\u00bbArt appreciation kids daycare montreal\u00a0\u00bb align_tablet=\u00a0\u00bbcenter\u00a0\u00bb align_phone=\u00a0\u00bb\u00a0\u00bb align_last_edited=\u00a0\u00bbon|desktop\u00a0\u00bb admin_label=\u00a0\u00bbImage\u00a0\u00bb _builder_version=\u00a0\u00bb4.0.6&Prime;][\/et_pb_image][\/et_pb_column][et_pb_column type=\u00a0\u00bb1_3&Prime; _builder_version=\u00a0\u00bb4.0.6&Prime;][et_pb_image src=\u00a0\u00bbhttp:\/\/lesgarderieskids.com\/wp-content\/uploads\/2019\/11\/living-4.jpg\u00a0\u00bb alt=\u00a0\u00bbArt appreciation kids daycare montreal\u00a0\u00bb align_tablet=\u00a0\u00bbcenter\u00a0\u00bb align_phone=\u00a0\u00bb\u00a0\u00bb align_last_edited=\u00a0\u00bbon|desktop\u00a0\u00bb admin_label=\u00a0\u00bbImage\u00a0\u00bb _builder_version=\u00a0\u00bb4.0.6&Prime;][\/et_pb_image][\/et_pb_column][et_pb_column type=\u00a0\u00bb1_3&Prime; _builder_version=\u00a0\u00bb4.0.6&Prime;][et_pb_image src=\u00a0\u00bbhttp:\/\/lesgarderieskids.com\/wp-content\/uploads\/2019\/11\/living-6.jpg\u00a0\u00bb alt=\u00a0\u00bbArt appreciation kids daycare montreal\u00a0\u00bb align_tablet=\u00a0\u00bbcenter\u00a0\u00bb align_phone=\u00a0\u00bb\u00a0\u00bb align_last_edited=\u00a0\u00bbon|desktop\u00a0\u00bb admin_label=\u00a0\u00bbImage\u00a0\u00bb _builder_version=\u00a0\u00bb4.0.6&Prime;][\/et_pb_image][\/et_pb_column][\/et_pb_row][\/et_pb_section][et_pb_section fb_built=\u00a0\u00bb1&Prime; _builder_version=\u00a0\u00bb4.0.6&Prime; background_color=\u00a0\u00bb#ededed\u00a0\u00bb custom_margin=\u00a0\u00bb0px||0px||false|false\u00a0\u00bb custom_padding=\u00a0\u00bb0px||0px||false|false\u00a0\u00bb top_divider_color=\u00a0\u00bb#2ea3f2&Prime; saved_tabs=\u00a0\u00bball\u00a0\u00bb][et_pb_row column_structure=\u00a0\u00bb1_3,1_3,1_3&Prime; _builder_version=\u00a0\u00bb4.0.6&Prime; custom_margin=\u00a0\u00bb0px||||false|false\u00a0\u00bb custom_padding=\u00a0\u00bb||||false|false\u00a0\u00bb][et_pb_column type=\u00a0\u00bb1_3&Prime; _builder_version=\u00a0\u00bb4.0.6&Prime;][et_pb_text _builder_version=\u00a0\u00bb4.0.6&Prime; text_font_size=\u00a0\u00bb12px\u00a0\u00bb link_text_color=\u00a0\u00bb#ddd\u00a0\u00bb link_font_size=\u00a0\u00bb14px\u00a0\u00bb]<\/p>\n<p>Les Garderies K.I.D.S.\u00a0<b class=\"whb\">\u00ae<\/b><\/p>\n<p>[\/et_pb_text][\/et_pb_column][et_pb_column type=\u00a0\u00bb1_3&Prime; _builder_version=\u00a0\u00bb4.0.6&Prime;][\/et_pb_column][et_pb_column type=\u00a0\u00bb1_3&Prime; _builder_version=\u00a0\u00bb4.0.6&Prime;][et_pb_text _builder_version=\u00a0\u00bb4.0.6&Prime; link_text_color=\u00a0\u00bb#666666&Prime; link_font_size=\u00a0\u00bb12px\u00a0\u00bb]<\/p>\n<p><a href=\"https:\/\/sparrowstrategy.com\/\" target=\"_blank\" rel=\"noopener\">Website design by SparrowDigital<\/a><\/p>\n<p>[\/et_pb_text][\/et_pb_column][\/et_pb_row][\/et_pb_section]<\/p>\n","protected":false},"excerpt":{"rendered":"<p>L&rsquo;intimidation et d&rsquo;autres probl\u00e8mes sociaux sont malheureusement devenus des probl\u00e8mes courants pour les enfants aujourd&rsquo;hui. L&rsquo;agressivit\u00e9, le manque de respect et l&rsquo;impulsivit\u00e9 sont des probl\u00e8mes auxquels de nombreux enfants sont confront\u00e9s. L&rsquo;\u00e9ducation aux valeurs de la vie offre aux enfants des exp\u00e9riences positives qui les aident \u00e0 orienter leurs choix et leurs comportements.L&rsquo;\u00e9ducation aux valeurs [&hellip;]<\/p>\n","protected":false},"author":2,"featured_media":0,"parent":1737,"menu_order":0,"comment_status":"closed","ping_status":"closed","template":"","meta":{"_et_pb_use_builder":"on","_et_pb_old_content":"","_et_gb_content_width":"","footnotes":""},"class_list":["post-1740","page","type-page","status-publish","hentry"],"_links":{"self":[{"href":"https:\/\/lesgarderieskids.com\/fr\/wp-json\/wp\/v2\/pages\/1740","targetHints":{"allow":["GET"]}}],"collection":[{"href":"https:\/\/lesgarderieskids.com\/fr\/wp-json\/wp\/v2\/pages"}],"about":[{"href":"https:\/\/lesgarderieskids.com\/fr\/wp-json\/wp\/v2\/types\/page"}],"author":[{"embeddable":true,"href":"https:\/\/lesgarderieskids.com\/fr\/wp-json\/wp\/v2\/users\/2"}],"replies":[{"embeddable":true,"href":"https:\/\/lesgarderieskids.com\/fr\/wp-json\/wp\/v2\/comments?post=1740"}],"version-history":[{"count":5,"href":"https:\/\/lesgarderieskids.com\/fr\/wp-json\/wp\/v2\/pages\/1740\/revisions"}],"predecessor-version":[{"id":1838,"href":"https:\/\/lesgarderieskids.com\/fr\/wp-json\/wp\/v2\/pages\/1740\/revisions\/1838"}],"up":[{"embeddable":true,"href":"https:\/\/lesgarderieskids.com\/fr\/wp-json\/wp\/v2\/pages\/1737"}],"wp:attachment":[{"href":"https:\/\/lesgarderieskids.com\/fr\/wp-json\/wp\/v2\/media?parent=1740"}],"curies":[{"name":"wp","href":"https:\/\/api.w.org\/{rel}","templated":true}]}}