{"id":1734,"date":"2017-08-01T17:08:26","date_gmt":"2017-08-01T17:08:26","guid":{"rendered":"http:\/\/lesgarderieskids.com\/faq\/"},"modified":"2021-08-20T16:56:53","modified_gmt":"2021-08-20T16:56:53","slug":"faq","status":"publish","type":"page","link":"https:\/\/lesgarderieskids.com\/fr\/faq\/","title":{"rendered":"FAQ"},"content":{"rendered":"<p>[et_pb_section fb_built=\u00a0\u00bb1&Prime; fullwidth=\u00a0\u00bbon\u00a0\u00bb _builder_version=\u00a0\u00bb4.0.6&Prime; background_enable_image=\u00a0\u00bboff\u00a0\u00bb global_colors_info=\u00a0\u00bb{}\u00a0\u00bb][et_pb_fullwidth_header title=\u00a0\u00bbFAQ\u00a0\u00bb text_orientation=\u00a0\u00bbcenter\u00a0\u00bb image_orientation=\u00a0\u00bbbottom\u00a0\u00bb content_max_width=\u00a0\u00bbnone\u00a0\u00bb title_font_color=\u00a0\u00bb#ffffff\u00a0\u00bb _builder_version=\u00a0\u00bb4.0.6&Prime; title_font=\u00a0\u00bbCorben|700|||||||\u00a0\u00bb title_text_color=\u00a0\u00bb#0c71c3&Prime; title_font_size=\u00a0\u00bb80px\u00a0\u00bb background_enable_color=\u00a0\u00bboff\u00a0\u00bb button_one_letter_spacing_hover=\u00a0\u00bb0&Prime; button_two_letter_spacing_hover=\u00a0\u00bb0&Prime; global_colors_info=\u00a0\u00bb{}\u00a0\u00bb button_one_text_size__hover_enabled=\u00a0\u00bboff\u00a0\u00bb button_two_text_size__hover_enabled=\u00a0\u00bboff\u00a0\u00bb button_one_text_color__hover_enabled=\u00a0\u00bboff\u00a0\u00bb button_two_text_color__hover_enabled=\u00a0\u00bboff\u00a0\u00bb button_one_border_width__hover_enabled=\u00a0\u00bboff\u00a0\u00bb button_two_border_width__hover_enabled=\u00a0\u00bboff\u00a0\u00bb button_one_border_color__hover_enabled=\u00a0\u00bboff\u00a0\u00bb button_two_border_color__hover_enabled=\u00a0\u00bboff\u00a0\u00bb button_one_border_radius__hover_enabled=\u00a0\u00bboff\u00a0\u00bb button_two_border_radius__hover_enabled=\u00a0\u00bboff\u00a0\u00bb button_one_letter_spacing__hover_enabled=\u00a0\u00bbon\u00a0\u00bb button_one_letter_spacing__hover=\u00a0\u00bb0&Prime; button_two_letter_spacing__hover_enabled=\u00a0\u00bbon\u00a0\u00bb button_two_letter_spacing__hover=\u00a0\u00bb0&Prime; button_one_bg_color__hover_enabled=\u00a0\u00bboff\u00a0\u00bb button_two_bg_color__hover_enabled=\u00a0\u00bboff\u00a0\u00bb][\/et_pb_fullwidth_header][\/et_pb_section][et_pb_section fb_built=\u00a0\u00bb1&Prime; _builder_version=\u00a0\u00bb4.0.6&Prime; custom_margin=\u00a0\u00bb0px||||false|false\u00a0\u00bb custom_padding=\u00a0\u00bb0px||||false|false\u00a0\u00bb global_colors_info=\u00a0\u00bb{}\u00a0\u00bb][et_pb_row _builder_version=\u00a0\u00bb3.25&Prime; background_size=\u00a0\u00bbinitial\u00a0\u00bb background_position=\u00a0\u00bbtop_left\u00a0\u00bb background_repeat=\u00a0\u00bbrepeat\u00a0\u00bb global_colors_info=\u00a0\u00bb{}\u00a0\u00bb][et_pb_column type=\u00a0\u00bb4_4&Prime; _builder_version=\u00a0\u00bb4.0.6&Prime; global_colors_info=\u00a0\u00bb{}\u00a0\u00bb][et_pb_accordion db_closeable=\u00a0\u00bbon\u00a0\u00bb db_initial_state=\u00a0\u00bball_closed\u00a0\u00bb open_toggle_text_color=\u00a0\u00bb#078ac6&Prime; open_toggle_background_color=\u00a0\u00bbrgba(0,0,0,0)\u00a0\u00bb closed_toggle_background_color=\u00a0\u00bbrgba(0,0,0,0)\u00a0\u00bb icon_color=\u00a0\u00bb#078ac6&Prime; use_icon_font_size=\u00a0\u00bbon\u00a0\u00bb icon_font_size=\u00a0\u00bb30px\u00a0\u00bb _builder_version=\u00a0\u00bb4.4.8&Prime; toggle_text_color=\u00a0\u00bb#078ac6&Prime; toggle_font_size=\u00a0\u00bb26px\u00a0\u00bb border_color_all=\u00a0\u00bb#078ac6&Prime; global_colors_info=\u00a0\u00bb{}\u00a0\u00bb][et_pb_accordion_item title=\u00a0\u00bbComment puis-je m&rsquo;inscrire sur la liste d&rsquo;attente?\u00a0\u00bb open=\u00a0\u00bbon\u00a0\u00bb _builder_version=\u00a0\u00bb4.4.8&Prime; global_colors_info=\u00a0\u00bb{}\u00a0\u00bb]<\/p>\n<p>Toutes les garderies reconnues au Qu\u00e9bec sont inscrites \u00e0 <a href=\"https:\/\/www.laplace0-5.com\">https:\/\/www.laplace0-5.com<\/a>. Veuillez visiter ce site, faire un profil et ajouter notre garderie parmi vos choix.<\/p>\n<p>[\/et_pb_accordion_item][\/et_pb_accordion][et_pb_accordion db_closeable=\u00a0\u00bbon\u00a0\u00bb open_toggle_text_color=\u00a0\u00bb#078ac6&Prime; open_toggle_background_color=\u00a0\u00bbrgba(0,0,0,0)\u00a0\u00bb closed_toggle_background_color=\u00a0\u00bbrgba(0,0,0,0)\u00a0\u00bb icon_color=\u00a0\u00bb#078ac6&Prime; use_icon_font_size=\u00a0\u00bbon\u00a0\u00bb icon_font_size=\u00a0\u00bb30px\u00a0\u00bb _builder_version=\u00a0\u00bb4.4.8&Prime; toggle_text_color=\u00a0\u00bb#078ac6&Prime; toggle_font_size=\u00a0\u00bb26px\u00a0\u00bb border_color_all=\u00a0\u00bb#078ac6&Prime; global_colors_info=\u00a0\u00bb{}\u00a0\u00bb][et_pb_accordion_item title=\u00a0\u00bbComment puis-je m&rsquo;inscrire \u00e0 votre garderie ?\u00a0\u00bb open=\u00a0\u00bbon\u00a0\u00bb _builder_version=\u00a0\u00bb4.4.8&Prime; global_colors_info=\u00a0\u00bb{}\u00a0\u00bb]<\/p>\n<p>Lorsqu&rsquo;une place se lib\u00e8re, le coordinateur vous contactera par t\u00e9l\u00e9phone ou par courriel pour fixer un rendez-vous. L&rsquo;inscription se fait en personne \u00e0 chaque endroit.<\/p>\n<p>[\/et_pb_accordion_item][\/et_pb_accordion][et_pb_accordion db_closeable=\u00a0\u00bbon\u00a0\u00bb db_initial_state=\u00a0\u00bball_closed\u00a0\u00bb open_toggle_text_color=\u00a0\u00bb#078ac6&Prime; open_toggle_background_color=\u00a0\u00bbrgba(0,0,0,0)\u00a0\u00bb closed_toggle_background_color=\u00a0\u00bbrgba(0,0,0,0)\u00a0\u00bb icon_color=\u00a0\u00bb#078ac6&Prime; use_icon_font_size=\u00a0\u00bbon\u00a0\u00bb icon_font_size=\u00a0\u00bb30px\u00a0\u00bb admin_label=\u00a0\u00bbWhat qualifications do your educators have?\u00a0\u00bb _builder_version=\u00a0\u00bb4.4.8&Prime; toggle_text_color=\u00a0\u00bb#078ac6&Prime; toggle_font_size=\u00a0\u00bb26px\u00a0\u00bb border_color_all=\u00a0\u00bb#078ac6&Prime; global_colors_info=\u00a0\u00bb{}\u00a0\u00bb][et_pb_accordion_item title=\u00a0\u00bbQuelles sont les qualifications de vos \u00e9ducatrices?\u00a0\u00bb open=\u00a0\u00bbon\u00a0\u00bb _builder_version=\u00a0\u00bb4.4.8&Prime; global_colors_info=\u00a0\u00bb{}\u00a0\u00bb]<\/p>\n<p>Tous les membres du personnel sont titulaires d&rsquo;un certificat de premiers secours valide et ont fait l&rsquo;objet d&rsquo;une v\u00e9rification de leurs ant\u00e9c\u00e9dents judiciaires. Notre personnel qualifi\u00e9 applique ou se conforme\u00a0 aux normes fix\u00e9es par le r\u00e8glement du minist\u00e8re de la Famille. Nos \u00e9ducateurs qualifi\u00e9s d\u00e9tiennent un ou plusieurs des titres suivants : une attestation, un DEC, un dipl\u00f4me de niveau universitaire en \u00e9ducation de la petite enfance ou au minimum de baccalaur\u00e9at dans un domaine similaire. Nos \u00e9ducateurs re\u00e7oivent une formation continue dans le cadre d&rsquo;ateliers formels et de journ\u00e9es de perfectionnement professionnel. De nombreuses ressources sont mises \u00e0 la disposition de notre personnel.<\/p>\n<p>[\/et_pb_accordion_item][\/et_pb_accordion][et_pb_accordion db_closeable=\u00a0\u00bbon\u00a0\u00bb db_initial_state=\u00a0\u00bball_closed\u00a0\u00bb open_toggle_text_color=\u00a0\u00bb#078ac6&Prime; open_toggle_background_color=\u00a0\u00bbrgba(0,0,0,0)\u00a0\u00bb closed_toggle_background_color=\u00a0\u00bbrgba(0,0,0,0)\u00a0\u00bb icon_color=\u00a0\u00bb#078ac6&Prime; use_icon_font_size=\u00a0\u00bbon\u00a0\u00bb icon_font_size=\u00a0\u00bb30px\u00a0\u00bb admin_label=\u00a0\u00bbWhat are your operating hours?\u00a0\u00bb _builder_version=\u00a0\u00bb4.4.8&Prime; toggle_text_color=\u00a0\u00bb#078ac6&Prime; toggle_font_size=\u00a0\u00bb26px\u00a0\u00bb border_color_all=\u00a0\u00bb#078ac6&Prime; global_colors_info=\u00a0\u00bb{}\u00a0\u00bb][et_pb_accordion_item title=\u00a0\u00bbQuelles sont vos heures d&rsquo;ouverture ?\u00a0\u00bb open=\u00a0\u00bbon\u00a0\u00bb _builder_version=\u00a0\u00bb4.4.8&Prime; global_colors_info=\u00a0\u00bb{}\u00a0\u00bb]<\/p>\n<p>Chacune de nos garderies est ouverte pendant au moins onze heures.\u00a0 Veuillez consulter les informations relatives \u00e0 chaque emplacement pour plus de d\u00e9tails.<\/p>\n<p>[\/et_pb_accordion_item][\/et_pb_accordion][et_pb_accordion db_closeable=\u00a0\u00bbon\u00a0\u00bb db_initial_state=\u00a0\u00bball_closed\u00a0\u00bb open_toggle_text_color=\u00a0\u00bb#078ac6&Prime; open_toggle_background_color=\u00a0\u00bbrgba(0,0,0,0)\u00a0\u00bb closed_toggle_background_color=\u00a0\u00bbrgba(0,0,0,0)\u00a0\u00bb icon_color=\u00a0\u00bb#078ac6&Prime; use_icon_font_size=\u00a0\u00bbon\u00a0\u00bb icon_font_size=\u00a0\u00bb30px\u00a0\u00bb admin_label=\u00a0\u00bbHow are meals prepared?\u00a0\u00bb _builder_version=\u00a0\u00bb4.4.8&Prime; toggle_text_color=\u00a0\u00bb#078ac6&Prime; toggle_font_size=\u00a0\u00bb26px\u00a0\u00bb border_color_all=\u00a0\u00bb#078ac6&Prime; global_colors_info=\u00a0\u00bb{}\u00a0\u00bb][et_pb_accordion_item title=\u00a0\u00bbComment les repas sont-ils pr\u00e9par\u00e9s ?\u00a0\u00bb open=\u00a0\u00bbon\u00a0\u00bb _builder_version=\u00a0\u00bb4.4.8&Prime; global_colors_info=\u00a0\u00bb{}\u00a0\u00bb]<\/p>\n<p><strong>Aux Garderies K.I.D.S.<\/strong>, nous sommes fiers d&rsquo;utiliser des ingr\u00e9dients frais, livr\u00e9s chaque semaine. Tous nos repas sont pr\u00e9par\u00e9s par des cuisiniers internes et suivent le Guide alimentaire canadien. Visitez la section Nutrition pour plus de d\u00e9tails.<\/p>\n<p>[\/et_pb_accordion_item][\/et_pb_accordion][et_pb_accordion db_closeable=\u00a0\u00bbon\u00a0\u00bb db_initial_state=\u00a0\u00bball_closed\u00a0\u00bb open_toggle_text_color=\u00a0\u00bb#078ac6&Prime; open_toggle_background_color=\u00a0\u00bbrgba(0,0,0,0)\u00a0\u00bb closed_toggle_background_color=\u00a0\u00bbrgba(0,0,0,0)\u00a0\u00bb icon_color=\u00a0\u00bb#078ac6&Prime; use_icon_font_size=\u00a0\u00bbon\u00a0\u00bb icon_font_size=\u00a0\u00bb30px\u00a0\u00bb admin_label=\u00a0\u00bbDo you offer an educational program?\u00a0\u00bb _builder_version=\u00a0\u00bb4.4.8&Prime; toggle_text_color=\u00a0\u00bb#078ac6&Prime; toggle_font_size=\u00a0\u00bb26px\u00a0\u00bb border_color_all=\u00a0\u00bb#078ac6&Prime; global_colors_info=\u00a0\u00bb{}\u00a0\u00bb][et_pb_accordion_item title=\u00a0\u00bbProposez-vous un programme \u00e9ducatif ?\u00a0\u00bb open=\u00a0\u00bbon\u00a0\u00bb _builder_version=\u00a0\u00bb4.4.8&Prime; global_colors_info=\u00a0\u00bb{}\u00a0\u00bb]<\/p>\n<p><strong>Aux Garderies K.I.D.S.<\/strong>, nous allons au-del\u00e0 des exigences du programme d&rsquo;\u00e9tudes d\u00e9finies par le Minist\u00e8re de la Famille. Notre programme \u00e9ducatif comprend des th\u00e8mes mensuels, l&rsquo;appr\u00e9ciation des arts, l&rsquo;appr\u00e9ciation de la musique, l&rsquo;\u00e9ducation aux valeurs de la vie, la pr\u00e9alphab\u00e9tisation, les sciences et les math\u00e9matiques, les \u00e9cosyst\u00e8mes et l&rsquo;\u00e9ducation physique. Nos gradues sont pr\u00e9par\u00e9s pour \u00eatre admis dans des \u00e9coles publiques ou priv\u00e9es en anglais ou en fran\u00e7ais.<\/p>\n<p>[\/et_pb_accordion_item][\/et_pb_accordion][et_pb_accordion db_closeable=\u00a0\u00bbon\u00a0\u00bb db_initial_state=\u00a0\u00bball_closed\u00a0\u00bb open_toggle_text_color=\u00a0\u00bb#078ac6&Prime; open_toggle_background_color=\u00a0\u00bbrgba(0,0,0,0)\u00a0\u00bb closed_toggle_background_color=\u00a0\u00bbrgba(0,0,0,0)\u00a0\u00bb icon_color=\u00a0\u00bb#078ac6&Prime; use_icon_font_size=\u00a0\u00bbon\u00a0\u00bb icon_font_size=\u00a0\u00bb30px\u00a0\u00bb admin_label=\u00a0\u00bbHow are your daycares maintained?\u00a0\u00bb _builder_version=\u00a0\u00bb4.4.8&Prime; toggle_text_color=\u00a0\u00bb#078ac6&Prime; toggle_font_size=\u00a0\u00bb26px\u00a0\u00bb border_color_all=\u00a0\u00bb#078ac6&Prime; global_colors_info=\u00a0\u00bb{}\u00a0\u00bb][et_pb_accordion_item title=\u00a0\u00bbComment vos garderies sont-elles entretenues ?\u00a0\u00bb open=\u00a0\u00bbon\u00a0\u00bb _builder_version=\u00a0\u00bb4.4.8&Prime; global_colors_info=\u00a0\u00bb{}\u00a0\u00bb]<\/p>\n<p>Chaque \u00e9tablissement emploie un personnel de nettoyage qui nettoie et d\u00e9sinfecte professionnellement la garderie au quotidien. Nous sommes fiers de constater que chaque \u00e9tablissement est \u00e9quip\u00e9 d&rsquo;un d\u00e9sinfectant E-Mist de qualit\u00e9 hospitali\u00e8re.<\/p>\n<p>[\/et_pb_accordion_item][\/et_pb_accordion][et_pb_accordion db_closeable=\u00a0\u00bbon\u00a0\u00bb db_initial_state=\u00a0\u00bball_closed\u00a0\u00bb open_toggle_text_color=\u00a0\u00bb#078ac6&Prime; open_toggle_background_color=\u00a0\u00bbrgba(0,0,0,0)\u00a0\u00bb closed_toggle_background_color=\u00a0\u00bbrgba(0,0,0,0)\u00a0\u00bb icon_color=\u00a0\u00bb#078ac6&Prime; use_icon_font_size=\u00a0\u00bbon\u00a0\u00bb icon_font_size=\u00a0\u00bb30px\u00a0\u00bb admin_label=\u00a0\u00bbHow do I know what my child does throughout the day?\u00a0\u00bb _builder_version=\u00a0\u00bb4.10.1&Prime; toggle_text_color=\u00a0\u00bb#078ac6&Prime; toggle_font_size=\u00a0\u00bb26px\u00a0\u00bb hover_enabled=\u00a0\u00bb0&Prime; border_color_all=\u00a0\u00bb#078ac6&Prime; global_colors_info=\u00a0\u00bb{}\u00a0\u00bb sticky_enabled=\u00a0\u00bb0&Prime;][et_pb_accordion_item title=\u00a0\u00bbComment puis-je savoir ce que fait mon enfant tout au long de la journ\u00e9e ?\u00a0\u00bb open=\u00a0\u00bbon\u00a0\u00bb _builder_version=\u00a0\u00bb4.10.1&Prime; hover_enabled=\u00a0\u00bb0&Prime; global_colors_info=\u00a0\u00bb{}\u00a0\u00bb sticky_enabled=\u00a0\u00bb0&Prime;]<\/p>\n<p>Chaque Garderie K.I.D.S. a adopt\u00e9 Planitou, un journal num\u00e9rique, mis \u00e0 jour quotidiennement par l\u2019\u00e9ducatrice de votre enfant. Il vous permet de savoir ce que votre enfant a mang\u00e9, comment il a fait la sieste, les activit\u00e9s amusantes auxquelles il a particip\u00e9, des anecdotes sur sa journ\u00e9e, et des photos. Il fournit \u00e9galement un espace aux parents pour \u00e9crire au besoin, des messages aux \u00e9ducateurs.<\/p>\n<p>[\/et_pb_accordion_item][\/et_pb_accordion][et_pb_accordion db_closeable=\u00a0\u00bbon\u00a0\u00bb db_initial_state=\u00a0\u00bball_closed\u00a0\u00bb open_toggle_text_color=\u00a0\u00bb#078ac6&Prime; open_toggle_background_color=\u00a0\u00bbrgba(0,0,0,0)\u00a0\u00bb closed_toggle_background_color=\u00a0\u00bbrgba(0,0,0,0)\u00a0\u00bb icon_color=\u00a0\u00bb#078ac6&Prime; use_icon_font_size=\u00a0\u00bbon\u00a0\u00bb icon_font_size=\u00a0\u00bb30px\u00a0\u00bb admin_label=\u00a0\u00bbDo you have a discipline policy?\u00a0\u00bb _builder_version=\u00a0\u00bb4.4.8&Prime; toggle_text_color=\u00a0\u00bb#078ac6&Prime; toggle_font_size=\u00a0\u00bb26px\u00a0\u00bb border_color_all=\u00a0\u00bb#078ac6&Prime; global_colors_info=\u00a0\u00bb{}\u00a0\u00bb][et_pb_accordion_item title=\u00a0\u00bbAvez-vous une politique de discipline ?\u00a0\u00bb open=\u00a0\u00bbon\u00a0\u00bb _builder_version=\u00a0\u00bb4.4.8&Prime; global_colors_info=\u00a0\u00bb{}\u00a0\u00bb]<\/p>\n<p><strong>Aux Garderies K.I.D.S<\/strong>., nous guidons nos enfants pour qu&rsquo;ils prennent les bonnes d\u00e9cisions. Lorsque c&rsquo;est n\u00e9cessaire, nous utilisons la philosophie de l&rsquo;explication, de la r\u00e9orientation et de la r\u00e9flexion.<\/p>\n<p>[\/et_pb_accordion_item][\/et_pb_accordion][et_pb_accordion db_closeable=\u00a0\u00bbon\u00a0\u00bb db_initial_state=\u00a0\u00bball_closed\u00a0\u00bb open_toggle_text_color=\u00a0\u00bb#078ac6&Prime; open_toggle_background_color=\u00a0\u00bbrgba(0,0,0,0)\u00a0\u00bb closed_toggle_background_color=\u00a0\u00bbrgba(0,0,0,0)\u00a0\u00bb icon_color=\u00a0\u00bb#078ac6&Prime; use_icon_font_size=\u00a0\u00bbon\u00a0\u00bb icon_font_size=\u00a0\u00bb30px\u00a0\u00bb admin_label=\u00a0\u00bbWhat if my child has a problem in the classroom?\u00a0\u00bb _builder_version=\u00a0\u00bb4.4.8&Prime; toggle_text_color=\u00a0\u00bb#078ac6&Prime; toggle_font_size=\u00a0\u00bb26px\u00a0\u00bb border_color_all=\u00a0\u00bb#078ac6&Prime; global_colors_info=\u00a0\u00bb{}\u00a0\u00bb][et_pb_accordion_item title=\u00a0\u00bbQue faire si mon enfant a un probl\u00e8me en classe ?\u00a0\u00bb open=\u00a0\u00bbon\u00a0\u00bb _builder_version=\u00a0\u00bb4.4.8&Prime; global_colors_info=\u00a0\u00bb{}\u00a0\u00bb]<\/p>\n<p>Chaque enfant est unique. <strong>Aux Garderies K.I.D.S.<\/strong>, nous travaillons avec les enfants dans les domaines qui doivent \u00eatre renforc\u00e9s. Notre personnel apprend \u00e0 conna\u00eetre les besoins individuels des enfants afin de d\u00e9terminer si les comportements sont typiques ou atypiques pour chaque enfant.<\/p>\n<p>[\/et_pb_accordion_item][\/et_pb_accordion][et_pb_accordion db_closeable=\u00a0\u00bbon\u00a0\u00bb db_initial_state=\u00a0\u00bball_closed\u00a0\u00bb open_toggle_text_color=\u00a0\u00bb#078ac6&Prime; open_toggle_background_color=\u00a0\u00bbrgba(0,0,0,0)\u00a0\u00bb closed_toggle_background_color=\u00a0\u00bbrgba(0,0,0,0)\u00a0\u00bb icon_color=\u00a0\u00bb#078ac6&Prime; use_icon_font_size=\u00a0\u00bbon\u00a0\u00bb icon_font_size=\u00a0\u00bb30px\u00a0\u00bb admin_label=\u00a0\u00bbHow can I get involved?\u00a0\u00bb _builder_version=\u00a0\u00bb4.4.8&Prime; toggle_text_color=\u00a0\u00bb#078ac6&Prime; toggle_font_size=\u00a0\u00bb26px\u00a0\u00bb border_color_all=\u00a0\u00bb#078ac6&Prime; global_colors_info=\u00a0\u00bb{}\u00a0\u00bb][et_pb_accordion_item title=\u00a0\u00bbComment puis-je m&rsquo;impliquer ?\u00a0\u00bb open=\u00a0\u00bbon\u00a0\u00bb _builder_version=\u00a0\u00bb4.4.8&Prime; global_colors_info=\u00a0\u00bb{}\u00a0\u00bb]<\/p>\n<p>Les enfants et les membres de la Famille sont les bienvenus nous faire part de leurs talents. Pendant la semaine litt\u00e9raire, nous encourageons les membres de la famille \u00e0 faire la lecture aux enfants. Nous organisons \u00e9galement des activit\u00e9s sp\u00e9ciales pour le d\u00e9jeuner, des th\u00e9s et des spectacles l&rsquo;apr\u00e8s-midi.<\/p>\n<p>[\/et_pb_accordion_item][\/et_pb_accordion][et_pb_accordion db_closeable=\u00a0\u00bbon\u00a0\u00bb db_initial_state=\u00a0\u00bball_closed\u00a0\u00bb open_toggle_text_color=\u00a0\u00bb#078ac6&Prime; open_toggle_background_color=\u00a0\u00bbrgba(0,0,0,0)\u00a0\u00bb closed_toggle_background_color=\u00a0\u00bbrgba(0,0,0,0)\u00a0\u00bb icon_color=\u00a0\u00bb#078ac6&Prime; use_icon_font_size=\u00a0\u00bbon\u00a0\u00bb icon_font_size=\u00a0\u00bb30px\u00a0\u00bb admin_label=\u00a0\u00bbHow long has K.I.D.S. been in operation?\u00a0\u00bb _builder_version=\u00a0\u00bb4.4.8&Prime; toggle_text_color=\u00a0\u00bb#078ac6&Prime; toggle_font_size=\u00a0\u00bb26px\u00a0\u00bb border_color_all=\u00a0\u00bb#078ac6&Prime; global_colors_info=\u00a0\u00bb{}\u00a0\u00bb][et_pb_accordion_item title=\u00a0\u00bbDepuis combien de temps les Garderies K.I.D.S. existent-elles ?\u00a0\u00bb open=\u00a0\u00bbon\u00a0\u00bb _builder_version=\u00a0\u00bb4.4.8&Prime; global_colors_info=\u00a0\u00bb{}\u00a0\u00bb]<\/p>\n<p>Nous sommes fiers d&rsquo;offrir des soins de qualit\u00e9 aux enfants \u00e0 Montr\u00e9al et aux environs de Montr\u00e9al depuis 1986.<\/p>\n<p>[\/et_pb_accordion_item][\/et_pb_accordion][et_pb_accordion db_closeable=\u00a0\u00bbon\u00a0\u00bb db_initial_state=\u00a0\u00bball_closed\u00a0\u00bb open_toggle_text_color=\u00a0\u00bb#078ac6&Prime; open_toggle_background_color=\u00a0\u00bbrgba(0,0,0,0)\u00a0\u00bb closed_toggle_background_color=\u00a0\u00bbrgba(0,0,0,0)\u00a0\u00bb icon_color=\u00a0\u00bb#078ac6&Prime; use_icon_font_size=\u00a0\u00bbon\u00a0\u00bb icon_font_size=\u00a0\u00bb30px\u00a0\u00bb admin_label=\u00a0\u00bbWhat about special dietary needs?\u00a0\u00bb _builder_version=\u00a0\u00bb4.4.8&Prime; toggle_text_color=\u00a0\u00bb#078ac6&Prime; toggle_font_size=\u00a0\u00bb26px\u00a0\u00bb border_color_all=\u00a0\u00bb#078ac6&Prime; global_colors_info=\u00a0\u00bb{}\u00a0\u00bb][et_pb_accordion_item title=\u00a0\u00bbQu&rsquo;en est-il des r\u00e9gimes alimentaires sp\u00e9ciaux ?\u00a0\u00bb open=\u00a0\u00bbon\u00a0\u00bb _builder_version=\u00a0\u00bb4.4.8&Prime; global_colors_info=\u00a0\u00bb{}\u00a0\u00bb]<\/p>\n<p>\u00a0Veuillez discuter des restrictions alimentaires ou des allergies de votre enfant avec le coordinateur de la garderie. Nous essayons de r\u00e9pondre aux besoins de chaque enfant.<\/p>\n<p>[\/et_pb_accordion_item][\/et_pb_accordion][et_pb_accordion db_closeable=\u00a0\u00bbon\u00a0\u00bb db_initial_state=\u00a0\u00bball_closed\u00a0\u00bb open_toggle_text_color=\u00a0\u00bb#078ac6&Prime; open_toggle_background_color=\u00a0\u00bbrgba(0,0,0,0)\u00a0\u00bb closed_toggle_background_color=\u00a0\u00bbrgba(0,0,0,0)\u00a0\u00bb icon_color=\u00a0\u00bb#078ac6&Prime; use_icon_font_size=\u00a0\u00bbon\u00a0\u00bb icon_font_size=\u00a0\u00bb30px\u00a0\u00bb admin_label=\u00a0\u00bbWho can I speak to about my child?\u00a0\u00bb _builder_version=\u00a0\u00bb4.4.8&Prime; toggle_text_color=\u00a0\u00bb#078ac6&Prime; toggle_font_size=\u00a0\u00bb26px\u00a0\u00bb border_color_all=\u00a0\u00bb#078ac6&Prime; global_colors_info=\u00a0\u00bb{}\u00a0\u00bb][et_pb_accordion_item title=\u00a0\u00bb\u00c0 qui puis-je parler de mon enfant ?\u00a0\u00bb open=\u00a0\u00bbon\u00a0\u00bb _builder_version=\u00a0\u00bb4.4.8&Prime; global_colors_info=\u00a0\u00bb{}\u00a0\u00bb]<\/p>\n<p>Nos \u00e9ducatrices peuvent r\u00e9pondre \u00e0 vos br\u00e8ves questions lors de l&rsquo;arriv\u00e9e et du d\u00e9part de votre enfant. Afin de planifier une discussion plus approfondie, veuillez vous adresser au coordinateur.<\/p>\n<p>[\/et_pb_accordion_item][\/et_pb_accordion][et_pb_accordion db_closeable=\u00a0\u00bbon\u00a0\u00bb db_initial_state=\u00a0\u00bball_closed\u00a0\u00bb open_toggle_text_color=\u00a0\u00bb#078ac6&Prime; open_toggle_background_color=\u00a0\u00bbrgba(0,0,0,0)\u00a0\u00bb closed_toggle_background_color=\u00a0\u00bbrgba(0,0,0,0)\u00a0\u00bb icon_color=\u00a0\u00bb#078ac6&Prime; use_icon_font_size=\u00a0\u00bbon\u00a0\u00bb icon_font_size=\u00a0\u00bb30px\u00a0\u00bb admin_label=\u00a0\u00bbDoes K.I.D.S. offer part time care?\u00a0\u00bb _builder_version=\u00a0\u00bb4.4.8&Prime; toggle_text_color=\u00a0\u00bb#078ac6&Prime; toggle_font_size=\u00a0\u00bb26px\u00a0\u00bb border_color_all=\u00a0\u00bb#078ac6&Prime; global_colors_info=\u00a0\u00bb{}\u00a0\u00bb][et_pb_accordion_item title=\u00a0\u00bbLes Garderies K.I.D.S. offrent-elles des services de garde \u00e0 temps partiel ?\u00a0\u00bb open=\u00a0\u00bbon\u00a0\u00bb _builder_version=\u00a0\u00bb4.4.8&Prime; global_colors_info=\u00a0\u00bb{}\u00a0\u00bb]<\/p>\n<p>\u00a0Nos installations \u00e0 K.I.D.S. Technoparc II et K.I.D.S. Pierrefonds II sont heureux d&rsquo;offrir des services de garde \u00e0 temps partiel.<\/p>\n<p>[\/et_pb_accordion_item][\/et_pb_accordion][\/et_pb_column][\/et_pb_row][\/et_pb_section][et_pb_section fb_built=\u00a0\u00bb1&Prime; _builder_version=\u00a0\u00bb4.0.6&Prime; background_color=\u00a0\u00bb#ededed\u00a0\u00bb custom_margin=\u00a0\u00bb0px||0px||false|false\u00a0\u00bb custom_padding=\u00a0\u00bb0px||0px||false|false\u00a0\u00bb top_divider_color=\u00a0\u00bb#2ea3f2&Prime; saved_tabs=\u00a0\u00bball\u00a0\u00bb global_colors_info=\u00a0\u00bb{}\u00a0\u00bb][et_pb_row column_structure=\u00a0\u00bb1_3,1_3,1_3&Prime; _builder_version=\u00a0\u00bb4.0.6&Prime; custom_margin=\u00a0\u00bb0px||||false|false\u00a0\u00bb custom_padding=\u00a0\u00bb||||false|false\u00a0\u00bb global_colors_info=\u00a0\u00bb{}\u00a0\u00bb][et_pb_column type=\u00a0\u00bb1_3&Prime; _builder_version=\u00a0\u00bb4.0.6&Prime; global_colors_info=\u00a0\u00bb{}\u00a0\u00bb][et_pb_text _builder_version=\u00a0\u00bb4.0.6&Prime; text_font_size=\u00a0\u00bb12px\u00a0\u00bb link_text_color=\u00a0\u00bb#ddd\u00a0\u00bb link_font_size=\u00a0\u00bb14px\u00a0\u00bb global_colors_info=\u00a0\u00bb{}\u00a0\u00bb]<\/p>\n<p>Les Garderies K.I.D.S.\u00a0<b class=\"whb\">\u00ae<\/b><\/p>\n<p>[\/et_pb_text][\/et_pb_column][et_pb_column type=\u00a0\u00bb1_3&Prime; _builder_version=\u00a0\u00bb4.0.6&Prime; global_colors_info=\u00a0\u00bb{}\u00a0\u00bb][\/et_pb_column][et_pb_column type=\u00a0\u00bb1_3&Prime; _builder_version=\u00a0\u00bb4.0.6&Prime; global_colors_info=\u00a0\u00bb{}\u00a0\u00bb][et_pb_text _builder_version=\u00a0\u00bb4.0.6&Prime; link_text_color=\u00a0\u00bb#666666&Prime; link_font_size=\u00a0\u00bb12px\u00a0\u00bb global_colors_info=\u00a0\u00bb{}\u00a0\u00bb]<\/p>\n<p><a href=\"https:\/\/sparrowstrategy.com\/\" target=\"_blank\" rel=\"noopener\">Website design by SparrowDigital<\/a><\/p>\n<p>[\/et_pb_text][\/et_pb_column][\/et_pb_row][\/et_pb_section]<\/p>\n","protected":false},"excerpt":{"rendered":"<p>Toutes les garderies reconnues au Qu\u00e9bec sont inscrites \u00e0 https:\/\/www.laplace0-5.com. Veuillez visiter ce site, faire un profil et ajouter notre garderie parmi vos choix.Lorsqu&rsquo;une place se lib\u00e8re, le coordinateur vous contactera par t\u00e9l\u00e9phone ou par courriel pour fixer un rendez-vous. L&rsquo;inscription se fait en personne \u00e0 chaque endroit.Tous les membres du personnel sont titulaires d&rsquo;un [&hellip;]<\/p>\n","protected":false},"author":2,"featured_media":0,"parent":0,"menu_order":0,"comment_status":"closed","ping_status":"closed","template":"","meta":{"_et_pb_use_builder":"on","_et_pb_old_content":"","_et_gb_content_width":"","footnotes":""},"class_list":["post-1734","page","type-page","status-publish","hentry"],"_links":{"self":[{"href":"https:\/\/lesgarderieskids.com\/fr\/wp-json\/wp\/v2\/pages\/1734","targetHints":{"allow":["GET"]}}],"collection":[{"href":"https:\/\/lesgarderieskids.com\/fr\/wp-json\/wp\/v2\/pages"}],"about":[{"href":"https:\/\/lesgarderieskids.com\/fr\/wp-json\/wp\/v2\/types\/page"}],"author":[{"embeddable":true,"href":"https:\/\/lesgarderieskids.com\/fr\/wp-json\/wp\/v2\/users\/2"}],"replies":[{"embeddable":true,"href":"https:\/\/lesgarderieskids.com\/fr\/wp-json\/wp\/v2\/comments?post=1734"}],"version-history":[{"count":5,"href":"https:\/\/lesgarderieskids.com\/fr\/wp-json\/wp\/v2\/pages\/1734\/revisions"}],"predecessor-version":[{"id":2088,"href":"https:\/\/lesgarderieskids.com\/fr\/wp-json\/wp\/v2\/pages\/1734\/revisions\/2088"}],"wp:attachment":[{"href":"https:\/\/lesgarderieskids.com\/fr\/wp-json\/wp\/v2\/media?parent=1734"}],"curies":[{"name":"wp","href":"https:\/\/api.w.org\/{rel}","templated":true}]}}